{"id":6418,"date":"2021-10-06T21:41:05","date_gmt":"2021-10-06T18:41:05","guid":{"rendered":"https:\/\/suklaatehdas.com\/privacy-statement\/"},"modified":"2022-08-03T15:40:55","modified_gmt":"2022-08-03T12:40:55","slug":"privacy-statement","status":"publish","type":"page","link":"https:\/\/suklaatehdas.com\/en\/privacy-statement\/","title":{"rendered":"Privacy statement"},"content":{"rendered":"\n<p><strong>Privacy statement<\/strong><\/p>\n\n<p>According to the General Data Protection Regulation, the personal data controller of a register is obligated to inform the register\u2019s data subjects in a clear manner. This statement fulfils this informing obligation.<\/p>\n\n<h4 class=\"wp-block-heading\">1. Personal data controller <\/h4>\n\n<p>Company name:<br\/>&#13;\nPieni Suklaatehdas Porvoo Oy&#13;\n&#13;\n&#13;\n&#13;\n<\/p>\n\n<p>Contact information: <br\/>&#13;\nTeollisuustie 15<br\/>&#13;\n06150 Porvoo<br\/>&#13;\nFinland<br\/><\/p>\n\n<p>Contact information in matters related to personal data files:<\/p>\n\n<p>Pieni Suklaatehdas Porvoo Oy &#8211; Peter Westerlund<br\/>&#13;\nTeollisuustie 15<br\/>&#13;\n06150 Porvoo<br\/>&#13;\nFinland<br\/>&#13;\n+358 40 480 8035<br\/>&#13;\npieni@suklaatehdas.com<br\/><\/p>\n\n<p>If necessary, contact information of the data protection officer:<br\/><br\/>&#13;\nData protection officer<br\/>&#13;\nPieni Suklaatehdas Porvoo Oy &#8211; Peter Westerlund<br\/>&#13;\nTeollisuustie 15<br\/>&#13;\n06150 Porvoo<br\/>&#13;\nFinland<br\/>&#13;\n+358 40 480 8035<br\/>&#13;\npieni@suklaatehdas.com<br\/>&#13;\n<\/p>\n<style>.wp-block-kadence-advancedheading.kt-adv-heading_1b0c91-de, .wp-block-kadence-advancedheading.kt-adv-heading_1b0c91-de[data-kb-block=\"kb-adv-heading_1b0c91-de\"]{font-style:normal;}.wp-block-kadence-advancedheading.kt-adv-heading_1b0c91-de mark.kt-highlight, .wp-block-kadence-advancedheading.kt-adv-heading_1b0c91-de[data-kb-block=\"kb-adv-heading_1b0c91-de\"] mark.kt-highlight{font-style:normal;color:#f76a0c;-webkit-box-decoration-break:clone;box-decoration-break:clone;padding-top:0px;padding-right:0px;padding-bottom:0px;padding-left:0px;}.wp-block-kadence-advancedheading.kt-adv-heading_1b0c91-de img.kb-inline-image, .wp-block-kadence-advancedheading.kt-adv-heading_1b0c91-de[data-kb-block=\"kb-adv-heading_1b0c91-de\"] img.kb-inline-image{width:150px;vertical-align:baseline;}<\/style>\n<h4 class=\"kt-adv-heading_1b0c91-de wp-block-kadence-advancedheading\" data-kb-block=\"kb-adv-heading_1b0c91-de\">2. Data subjects <\/h4>\n\n<p>In the customer register are people who have bought from the online store and registered there.&#13;\n<\/p>\n<style>.wp-block-kadence-advancedheading.kt-adv-heading_9d6a7e-73, .wp-block-kadence-advancedheading.kt-adv-heading_9d6a7e-73[data-kb-block=\"kb-adv-heading_9d6a7e-73\"]{font-style:normal;}.wp-block-kadence-advancedheading.kt-adv-heading_9d6a7e-73 mark.kt-highlight, .wp-block-kadence-advancedheading.kt-adv-heading_9d6a7e-73[data-kb-block=\"kb-adv-heading_9d6a7e-73\"] mark.kt-highlight{font-style:normal;color:#f76a0c;-webkit-box-decoration-break:clone;box-decoration-break:clone;padding-top:0px;padding-right:0px;padding-bottom:0px;padding-left:0px;}.wp-block-kadence-advancedheading.kt-adv-heading_9d6a7e-73 img.kb-inline-image, .wp-block-kadence-advancedheading.kt-adv-heading_9d6a7e-73[data-kb-block=\"kb-adv-heading_9d6a7e-73\"] img.kb-inline-image{width:150px;vertical-align:baseline;}<\/style>\n<h4 class=\"kt-adv-heading_9d6a7e-73 wp-block-kadence-advancedheading\" data-kb-block=\"kb-adv-heading_9d6a7e-73\">3. Purpose of use of personal data <\/h4>\n\n<p>Grounds for keeping the register:  <\/p>\n\n<ul class=\"wp-block-list\"><li>personal data is being processed based on an existing customer relationship<\/li><\/ul>\n\n<p><strong>Purpose for the register and the processing of personal data <\/strong><\/p>\n\n<p>Personal data is only being processed for predetermined purposes, which are:<\/p>\n\n<ul class=\"wp-block-list\"><li>customer relationship management <\/li><li>informing about services <\/li><\/ul>\n<style>.wp-block-kadence-advancedheading.kt-adv-heading_38cf11-f9, .wp-block-kadence-advancedheading.kt-adv-heading_38cf11-f9[data-kb-block=\"kb-adv-heading_38cf11-f9\"]{font-style:normal;}.wp-block-kadence-advancedheading.kt-adv-heading_38cf11-f9 mark.kt-highlight, .wp-block-kadence-advancedheading.kt-adv-heading_38cf11-f9[data-kb-block=\"kb-adv-heading_38cf11-f9\"] mark.kt-highlight{font-style:normal;color:#f76a0c;-webkit-box-decoration-break:clone;box-decoration-break:clone;padding-top:0px;padding-right:0px;padding-bottom:0px;padding-left:0px;}.wp-block-kadence-advancedheading.kt-adv-heading_38cf11-f9 img.kb-inline-image, .wp-block-kadence-advancedheading.kt-adv-heading_38cf11-f9[data-kb-block=\"kb-adv-heading_38cf11-f9\"] img.kb-inline-image{width:150px;vertical-align:baseline;}<\/style>\n<h4 class=\"kt-adv-heading_38cf11-f9 wp-block-kadence-advancedheading\" data-kb-block=\"kb-adv-heading_38cf11-f9\">4. Personal data recorded in the register <\/h4>\n\n<p>The customer register contains the following information: <\/p>\n\n<p>Contact information<\/p>\n\n<ul class=\"wp-block-list\"><li>name<\/li><li>address<\/li><li>e-mail<\/li><li>phone<\/li><\/ul>\n\n<p>Customer information <\/p>\n\n<ul class=\"wp-block-list\"><li>Information on products\/services bought<\/li><\/ul>\n<style>.wp-block-kadence-advancedheading.kt-adv-heading_5d5dd8-28, .wp-block-kadence-advancedheading.kt-adv-heading_5d5dd8-28[data-kb-block=\"kb-adv-heading_5d5dd8-28\"]{font-style:normal;}.wp-block-kadence-advancedheading.kt-adv-heading_5d5dd8-28 mark.kt-highlight, .wp-block-kadence-advancedheading.kt-adv-heading_5d5dd8-28[data-kb-block=\"kb-adv-heading_5d5dd8-28\"] mark.kt-highlight{font-style:normal;color:#f76a0c;-webkit-box-decoration-break:clone;box-decoration-break:clone;padding-top:0px;padding-right:0px;padding-bottom:0px;padding-left:0px;}.wp-block-kadence-advancedheading.kt-adv-heading_5d5dd8-28 img.kb-inline-image, .wp-block-kadence-advancedheading.kt-adv-heading_5d5dd8-28[data-kb-block=\"kb-adv-heading_5d5dd8-28\"] img.kb-inline-image{width:150px;vertical-align:baseline;}<\/style>\n<h4 class=\"kt-adv-heading_5d5dd8-28 wp-block-kadence-advancedheading\" data-kb-block=\"kb-adv-heading_5d5dd8-28\">5. The data subject\u2019s rights <\/h4>\n\n<p>The data subject has the following rights, and requests for their use should be sent to<br pieni=\"\" suklaatehdas=\"\" porvoo=\"\" oy=\"\" peter=\"\" westerlund=\"\" teollisuustie=\"\" finland=\"\"\/><\/p>\n\n<p><strong>Right to access data<\/strong>&#13;\n&#13;\n<\/p>\n\n<p>The data subject may check the data we have recorded.<\/p>\n\n<p><strong>Right to rectification<\/strong><\/p>\n\n<p>The data subject may request the rectification of inaccurate or incomplete personal data.&#13;\n<\/p>\n\n<p><strong>The data subject may complain of the decision to the Data Protection Supervisor<\/strong><\/p>\n\n<p>The data subject has the right to demand us to restrict the processing of controversial data until the matter is solved.&#13;\n&#13;\n<\/p>\n\n<p><strong>Right to object <\/strong><\/p>\n\n<p>The data subject may object to the processing of personal data if the data subject feels that personal data has been processed unlawfully.<\/p>\n\n<p><strong>Right to forbid direct marketing<\/strong>&#13;\n&#13;\n<\/p>\n\n<p>The data subject has the right to forbid the use of personal data for direct marketing.<\/p>\n\n<p><strong>Right to deletion<\/strong><\/p>\n\n<p>The data subject has the right to request the deletion of data if personal data processing is not necessary. We will handle the request for deletion and proceed to either delete the data or state a justified reason for not being able to delete the data.&#13;\n<\/p>\n\n<p>It should be noted that the controller may have legal or other rights to not delete the requested data. The controller is obligated to preserve accounting materials for the duration (10 years) set out in the Accounting Act (Chapter 2, Section 10). For this reason, materials related to accounting cannot be deleted before that term has expired.<\/p>\n\n<p><strong>Oikeus siirt\u00e4\u00e4 tiedot j\u00e4rjestelm\u00e4st\u00e4 toiseen<\/strong><\/p>\n\n<p>Rekister\u00f6idyll\u00e4 on oikeus saada rekisterinpit\u00e4j\u00e4lle toimittamansa henkil\u00f6tiedot j\u00e4sennellyss\u00e4, yleisesti k\u00e4ytetyss\u00e4 ja koneellisesti luettavassa muodossa sek\u00e4 halutessaan siirt\u00e4\u00e4 kyseiset tiedot toiselle rekisterinpit\u00e4j\u00e4lle.<\/p>\n\n<p><strong>Withdrawing consent<\/strong>&#13;\n<\/p>\n\n<p>If the processing of personal data is only based on the data subject\u2019s consent and not for instance on a customer relationship or membership, the data subject may withdraw consent.&#13;\n<\/p>\n\n<p><strong>Right to complain <\/strong><\/p>\n\n<p>The data subject has the right to complain to the Data Protection Supervisor if the data subject feels that we are violating the effective data protection regulation when processing personal data.&#13;\n&#13;\n<\/p>\n\n<p>Contact information of the data protection supervisor:  www.tietosuoja.fi\/en\/index\/yhteystiedot.html <\/p>\n<style>.wp-block-kadence-advancedheading.kt-adv-heading_1de4c6-cb, .wp-block-kadence-advancedheading.kt-adv-heading_1de4c6-cb[data-kb-block=\"kb-adv-heading_1de4c6-cb\"]{font-style:normal;}.wp-block-kadence-advancedheading.kt-adv-heading_1de4c6-cb mark.kt-highlight, .wp-block-kadence-advancedheading.kt-adv-heading_1de4c6-cb[data-kb-block=\"kb-adv-heading_1de4c6-cb\"] mark.kt-highlight{font-style:normal;color:#f76a0c;-webkit-box-decoration-break:clone;box-decoration-break:clone;padding-top:0px;padding-right:0px;padding-bottom:0px;padding-left:0px;}.wp-block-kadence-advancedheading.kt-adv-heading_1de4c6-cb img.kb-inline-image, .wp-block-kadence-advancedheading.kt-adv-heading_1de4c6-cb[data-kb-block=\"kb-adv-heading_1de4c6-cb\"] img.kb-inline-image{width:150px;vertical-align:baseline;}<\/style>\n<h4 class=\"kt-adv-heading_1de4c6-cb wp-block-kadence-advancedheading\" data-kb-block=\"kb-adv-heading_1de4c6-cb\">6. Regular information sources <\/h4>\n\n<p>Customer information is regularly obtained from: <\/p>\n\n<ul class=\"wp-block-list\"><li>the customer as the customer relationship is born<\/li><\/ul>\n<style>.wp-block-kadence-advancedheading.kt-adv-heading_52c9fe-d1, .wp-block-kadence-advancedheading.kt-adv-heading_52c9fe-d1[data-kb-block=\"kb-adv-heading_52c9fe-d1\"]{font-style:normal;}.wp-block-kadence-advancedheading.kt-adv-heading_52c9fe-d1 mark.kt-highlight, .wp-block-kadence-advancedheading.kt-adv-heading_52c9fe-d1[data-kb-block=\"kb-adv-heading_52c9fe-d1\"] mark.kt-highlight{font-style:normal;color:#f76a0c;-webkit-box-decoration-break:clone;box-decoration-break:clone;padding-top:0px;padding-right:0px;padding-bottom:0px;padding-left:0px;}.wp-block-kadence-advancedheading.kt-adv-heading_52c9fe-d1 img.kb-inline-image, .wp-block-kadence-advancedheading.kt-adv-heading_52c9fe-d1[data-kb-block=\"kb-adv-heading_52c9fe-d1\"] img.kb-inline-image{width:150px;vertical-align:baseline;}<\/style>\n<h4 class=\"kt-adv-heading_52c9fe-d1 wp-block-kadence-advancedheading\" data-kb-block=\"kb-adv-heading_52c9fe-d1\">7. Regular disclosure of data<\/h4>\n\n<p>The data is not generally disclosed for marketing purposes outside Pieni Suklaatehdas Porvoo Oy.  &#13;\n<\/p>\n<style>.wp-block-kadence-advancedheading.kt-adv-heading_852547-5b, .wp-block-kadence-advancedheading.kt-adv-heading_852547-5b[data-kb-block=\"kb-adv-heading_852547-5b\"]{font-style:normal;}.wp-block-kadence-advancedheading.kt-adv-heading_852547-5b mark.kt-highlight, .wp-block-kadence-advancedheading.kt-adv-heading_852547-5b[data-kb-block=\"kb-adv-heading_852547-5b\"] mark.kt-highlight{font-style:normal;color:#f76a0c;-webkit-box-decoration-break:clone;box-decoration-break:clone;padding-top:0px;padding-right:0px;padding-bottom:0px;padding-left:0px;}.wp-block-kadence-advancedheading.kt-adv-heading_852547-5b img.kb-inline-image, .wp-block-kadence-advancedheading.kt-adv-heading_852547-5b[data-kb-block=\"kb-adv-heading_852547-5b\"] img.kb-inline-image{width:150px;vertical-align:baseline;}<\/style>\n<h4 class=\"kt-adv-heading_852547-5b wp-block-kadence-advancedheading\" data-kb-block=\"kb-adv-heading_852547-5b\">8. Duration of processing <\/h4>\n\n<ul class=\"wp-block-list\"><li>Personal data is usually processed for as long as the customer relationship exists. &#13;\n&#13;\n<\/li><li>The data subject may unsubscribe from our marketing list by clicking the link on each of our marketing e-mails.  <\/li><\/ul>\n<style>.wp-block-kadence-advancedheading.kt-adv-heading_9b6057-c1, .wp-block-kadence-advancedheading.kt-adv-heading_9b6057-c1[data-kb-block=\"kb-adv-heading_9b6057-c1\"]{font-style:normal;}.wp-block-kadence-advancedheading.kt-adv-heading_9b6057-c1 mark.kt-highlight, .wp-block-kadence-advancedheading.kt-adv-heading_9b6057-c1[data-kb-block=\"kb-adv-heading_9b6057-c1\"] mark.kt-highlight{font-style:normal;color:#f76a0c;-webkit-box-decoration-break:clone;box-decoration-break:clone;padding-top:0px;padding-right:0px;padding-bottom:0px;padding-left:0px;}.wp-block-kadence-advancedheading.kt-adv-heading_9b6057-c1 img.kb-inline-image, .wp-block-kadence-advancedheading.kt-adv-heading_9b6057-c1[data-kb-block=\"kb-adv-heading_9b6057-c1\"] img.kb-inline-image{width:150px;vertical-align:baseline;}<\/style>\n<h4 class=\"kt-adv-heading_9b6057-c1 wp-block-kadence-advancedheading\" data-kb-block=\"kb-adv-heading_9b6057-c1\">9. Personal data processors <\/h4>\n\n<p>The controller and its employees process personal data.<\/p>\n<style>.wp-block-kadence-advancedheading.kt-adv-heading_893987-9a, .wp-block-kadence-advancedheading.kt-adv-heading_893987-9a[data-kb-block=\"kb-adv-heading_893987-9a\"]{font-style:normal;}.wp-block-kadence-advancedheading.kt-adv-heading_893987-9a mark.kt-highlight, .wp-block-kadence-advancedheading.kt-adv-heading_893987-9a[data-kb-block=\"kb-adv-heading_893987-9a\"] mark.kt-highlight{font-style:normal;color:#f76a0c;-webkit-box-decoration-break:clone;box-decoration-break:clone;padding-top:0px;padding-right:0px;padding-bottom:0px;padding-left:0px;}.wp-block-kadence-advancedheading.kt-adv-heading_893987-9a img.kb-inline-image, .wp-block-kadence-advancedheading.kt-adv-heading_893987-9a[data-kb-block=\"kb-adv-heading_893987-9a\"] img.kb-inline-image{width:150px;vertical-align:baseline;}<\/style>\n<h4 class=\"kt-adv-heading_893987-9a wp-block-kadence-advancedheading\" data-kb-block=\"kb-adv-heading_893987-9a\">10. Transferring data outside the EU <\/h4>\n\n<p>Personal data is not transferred outside the EU or the EEA.<\/p>\n<style>.wp-block-kadence-advancedheading.kt-adv-heading_cda507-ea, .wp-block-kadence-advancedheading.kt-adv-heading_cda507-ea[data-kb-block=\"kb-adv-heading_cda507-ea\"]{font-style:normal;}.wp-block-kadence-advancedheading.kt-adv-heading_cda507-ea mark.kt-highlight, .wp-block-kadence-advancedheading.kt-adv-heading_cda507-ea[data-kb-block=\"kb-adv-heading_cda507-ea\"] mark.kt-highlight{font-style:normal;color:#f76a0c;-webkit-box-decoration-break:clone;box-decoration-break:clone;padding-top:0px;padding-right:0px;padding-bottom:0px;padding-left:0px;}.wp-block-kadence-advancedheading.kt-adv-heading_cda507-ea img.kb-inline-image, .wp-block-kadence-advancedheading.kt-adv-heading_cda507-ea[data-kb-block=\"kb-adv-heading_cda507-ea\"] img.kb-inline-image{width:150px;vertical-align:baseline;}<\/style>\n<h4 class=\"kt-adv-heading_cda507-ea wp-block-kadence-advancedheading\" data-kb-block=\"kb-adv-heading_cda507-ea\">11. Automatic decision-making and profiling<\/h4>\n\n<p>We are not using the data for automatic decision-making or profiling.<\/p>\n<style>.wp-block-kadence-advancedheading.kt-adv-heading_cc7968-f7, .wp-block-kadence-advancedheading.kt-adv-heading_cc7968-f7[data-kb-block=\"kb-adv-heading_cc7968-f7\"]{font-style:normal;}.wp-block-kadence-advancedheading.kt-adv-heading_cc7968-f7 mark.kt-highlight, .wp-block-kadence-advancedheading.kt-adv-heading_cc7968-f7[data-kb-block=\"kb-adv-heading_cc7968-f7\"] mark.kt-highlight{font-style:normal;color:#f76a0c;-webkit-box-decoration-break:clone;box-decoration-break:clone;padding-top:0px;padding-right:0px;padding-bottom:0px;padding-left:0px;}.wp-block-kadence-advancedheading.kt-adv-heading_cc7968-f7 img.kb-inline-image, .wp-block-kadence-advancedheading.kt-adv-heading_cc7968-f7[data-kb-block=\"kb-adv-heading_cc7968-f7\"] img.kb-inline-image{width:150px;vertical-align:baseline;}<\/style>\n<h4 class=\"kt-adv-heading_cc7968-f7 wp-block-kadence-advancedheading\" data-kb-block=\"kb-adv-heading_cc7968-f7\">12. Security of payment service provider<\/h4>\n\n<p>Paytrail Oyj is our webshop&#8217;s payment service provider. Read Paytrail&#8217;s  <a href=\"https:\/\/www.paytrail.com\/en\/data-privacy-notice\" target=\"_blank\" rel=\"noreferrer noopener\">data privacy notice page<\/a>.<\/p>\n","protected":false},"excerpt":{"rendered":"<p>Privacy statement According to the General Data Protection Regulation, the personal data controller of a register is obligated to inform the register\u2019s data subjects in a clear manner. This statement fulfils this informing obligation. 1. Personal data controller Company name:&#13; Pieni Suklaatehdas Porvoo Oy&#13; &#13; &#13; &#13; Contact information: &#13; Teollisuustie 15&#13; 06150 Porvoo&#13; Finland&#8230;<\/p>\n","protected":false},"author":1,"featured_media":0,"parent":0,"menu_order":0,"comment_status":"closed","ping_status":"closed","template":"","meta":{"_kad_blocks_custom_css":"","_kad_blocks_head_custom_js":"","_kad_blocks_body_custom_js":"","_kad_blocks_footer_custom_js":"","_kad_post_transparent":"","_kad_post_title":"","_kad_post_layout":"","_kad_post_sidebar_id":"","_kad_post_content_style":"","_kad_post_vertical_padding":"","_kad_post_feature":"","_kad_post_feature_position":"","_kad_post_header":false,"_kad_post_footer":false,"_kad_post_classname":"","footnotes":""},"class_list":["post-6418","page","type-page","status-publish","hentry"],"yoast_head":"<!-- This site is optimized with the Yoast SEO plugin v27.3 - https:\/\/yoast.com\/product\/yoast-seo-wordpress\/ -->\n<title>Privacy statement | Pieni Suklaatehdas Porvoo<\/title>\n<meta name=\"robots\" content=\"index, follow, max-snippet:-1, max-image-preview:large, max-video-preview:-1\" \/>\n<link rel=\"canonical\" href=\"https:\/\/suklaatehdas.com\/en\/privacy-statement\/\" \/>\n<meta property=\"og:locale\" content=\"en_US\" \/>\n<meta property=\"og:type\" content=\"article\" \/>\n<meta property=\"og:title\" content=\"Privacy statement | Pieni Suklaatehdas Porvoo\" \/>\n<meta property=\"og:description\" content=\"Privacy statement According to the General Data Protection Regulation, the personal data controller of a register is obligated to inform the register\u2019s data subjects in a clear manner. This statement fulfils this informing obligation. 1. Personal data controller Company name:&#013; Pieni Suklaatehdas Porvoo Oy&#013; &#013; &#013; &#013; Contact information: &#013; Teollisuustie 15&#013; 06150 Porvoo&#013; Finland...\" \/>\n<meta property=\"og:url\" content=\"https:\/\/suklaatehdas.com\/en\/privacy-statement\/\" \/>\n<meta property=\"og:site_name\" content=\"Pieni Suklaatehdas Porvoo\" \/>\n<meta property=\"article:publisher\" content=\"https:\/\/www.facebook.com\/pienisuklaatehdas\/\" \/>\n<meta property=\"article:modified_time\" content=\"2022-08-03T12:40:55+00:00\" \/>\n<meta property=\"og:image\" content=\"https:\/\/suklaatehdas.com\/wp-content\/uploads\/2021\/06\/pienisuklaatehdas_myymala_fb.jpg\" \/>\n\t<meta property=\"og:image:width\" content=\"1200\" \/>\n\t<meta property=\"og:image:height\" content=\"630\" \/>\n\t<meta property=\"og:image:type\" content=\"image\/jpeg\" \/>\n<meta name=\"twitter:card\" content=\"summary_large_image\" \/>\n<meta name=\"twitter:label1\" content=\"Est. reading time\" \/>\n\t<meta name=\"twitter:data1\" content=\"3 minutes\" \/>\n<script type=\"application\/ld+json\" class=\"yoast-schema-graph\">{\"@context\":\"https:\\\/\\\/schema.org\",\"@graph\":[{\"@type\":\"WebPage\",\"@id\":\"https:\\\/\\\/suklaatehdas.com\\\/en\\\/privacy-statement\\\/\",\"url\":\"https:\\\/\\\/suklaatehdas.com\\\/en\\\/privacy-statement\\\/\",\"name\":\"Privacy statement | Pieni Suklaatehdas Porvoo\",\"isPartOf\":{\"@id\":\"https:\\\/\\\/suklaatehdas.com\\\/en\\\/#website\"},\"datePublished\":\"2021-10-06T18:41:05+00:00\",\"dateModified\":\"2022-08-03T12:40:55+00:00\",\"breadcrumb\":{\"@id\":\"https:\\\/\\\/suklaatehdas.com\\\/en\\\/privacy-statement\\\/#breadcrumb\"},\"inLanguage\":\"en-US\",\"potentialAction\":[{\"@type\":\"ReadAction\",\"target\":[\"https:\\\/\\\/suklaatehdas.com\\\/en\\\/privacy-statement\\\/\"]}]},{\"@type\":\"BreadcrumbList\",\"@id\":\"https:\\\/\\\/suklaatehdas.com\\\/en\\\/privacy-statement\\\/#breadcrumb\",\"itemListElement\":[{\"@type\":\"ListItem\",\"position\":1,\"name\":\"Etusivu\",\"item\":\"https:\\\/\\\/suklaatehdas.com\\\/en\\\/\"},{\"@type\":\"ListItem\",\"position\":2,\"name\":\"Privacy statement\"}]},{\"@type\":\"WebSite\",\"@id\":\"https:\\\/\\\/suklaatehdas.com\\\/en\\\/#website\",\"url\":\"https:\\\/\\\/suklaatehdas.com\\\/en\\\/\",\"name\":\"Pieni Suklaatehdas Porvoo\",\"description\":\"Our handmade chocolate is made with renewable energy in Porvoo, since 2005.\",\"publisher\":{\"@id\":\"https:\\\/\\\/suklaatehdas.com\\\/en\\\/#organization\"},\"alternateName\":\"suklaatehdas\",\"potentialAction\":[{\"@type\":\"SearchAction\",\"target\":{\"@type\":\"EntryPoint\",\"urlTemplate\":\"https:\\\/\\\/suklaatehdas.com\\\/en\\\/?s={search_term_string}\"},\"query-input\":{\"@type\":\"PropertyValueSpecification\",\"valueRequired\":true,\"valueName\":\"search_term_string\"}}],\"inLanguage\":\"en-US\"},{\"@type\":\"Organization\",\"@id\":\"https:\\\/\\\/suklaatehdas.com\\\/en\\\/#organization\",\"name\":\"Pieni Suklaatehdas\",\"alternateName\":\"suklaatehdas\",\"url\":\"https:\\\/\\\/suklaatehdas.com\\\/en\\\/\",\"logo\":{\"@type\":\"ImageObject\",\"inLanguage\":\"en-US\",\"@id\":\"https:\\\/\\\/suklaatehdas.com\\\/en\\\/#\\\/schema\\\/logo\\\/image\\\/\",\"url\":\"https:\\\/\\\/suklaatehdas.com\\\/wp-content\\\/uploads\\\/2021\\\/06\\\/pienisuklaatehdas_logo300.jpg\",\"contentUrl\":\"https:\\\/\\\/suklaatehdas.com\\\/wp-content\\\/uploads\\\/2021\\\/06\\\/pienisuklaatehdas_logo300.jpg\",\"width\":300,\"height\":95,\"caption\":\"Pieni Suklaatehdas\"},\"image\":{\"@id\":\"https:\\\/\\\/suklaatehdas.com\\\/en\\\/#\\\/schema\\\/logo\\\/image\\\/\"},\"sameAs\":[\"https:\\\/\\\/www.facebook.com\\\/pienisuklaatehdas\\\/\",\"https:\\\/\\\/www.instagram.com\\\/pienisuklaatehdas\\\/?hl=fi\"]}]}<\/script>\n<!-- \/ Yoast SEO plugin. -->","yoast_head_json":{"title":"Privacy statement | Pieni Suklaatehdas Porvoo","robots":{"index":"index","follow":"follow","max-snippet":"max-snippet:-1","max-image-preview":"max-image-preview:large","max-video-preview":"max-video-preview:-1"},"canonical":"https:\/\/suklaatehdas.com\/en\/privacy-statement\/","og_locale":"en_US","og_type":"article","og_title":"Privacy statement | Pieni Suklaatehdas Porvoo","og_description":"Privacy statement According to the General Data Protection Regulation, the personal data controller of a register is obligated to inform the register\u2019s data subjects in a clear manner. This statement fulfils this informing obligation. 1. Personal data controller Company name:&#13; Pieni Suklaatehdas Porvoo Oy&#13; &#13; &#13; &#13; Contact information: &#13; Teollisuustie 15&#13; 06150 Porvoo&#13; Finland...","og_url":"https:\/\/suklaatehdas.com\/en\/privacy-statement\/","og_site_name":"Pieni Suklaatehdas Porvoo","article_publisher":"https:\/\/www.facebook.com\/pienisuklaatehdas\/","article_modified_time":"2022-08-03T12:40:55+00:00","og_image":[{"width":1200,"height":630,"url":"https:\/\/suklaatehdas.com\/wp-content\/uploads\/2021\/06\/pienisuklaatehdas_myymala_fb.jpg","type":"image\/jpeg"}],"twitter_card":"summary_large_image","twitter_misc":{"Est. reading time":"3 minutes"},"schema":{"@context":"https:\/\/schema.org","@graph":[{"@type":"WebPage","@id":"https:\/\/suklaatehdas.com\/en\/privacy-statement\/","url":"https:\/\/suklaatehdas.com\/en\/privacy-statement\/","name":"Privacy statement | Pieni Suklaatehdas Porvoo","isPartOf":{"@id":"https:\/\/suklaatehdas.com\/en\/#website"},"datePublished":"2021-10-06T18:41:05+00:00","dateModified":"2022-08-03T12:40:55+00:00","breadcrumb":{"@id":"https:\/\/suklaatehdas.com\/en\/privacy-statement\/#breadcrumb"},"inLanguage":"en-US","potentialAction":[{"@type":"ReadAction","target":["https:\/\/suklaatehdas.com\/en\/privacy-statement\/"]}]},{"@type":"BreadcrumbList","@id":"https:\/\/suklaatehdas.com\/en\/privacy-statement\/#breadcrumb","itemListElement":[{"@type":"ListItem","position":1,"name":"Etusivu","item":"https:\/\/suklaatehdas.com\/en\/"},{"@type":"ListItem","position":2,"name":"Privacy statement"}]},{"@type":"WebSite","@id":"https:\/\/suklaatehdas.com\/en\/#website","url":"https:\/\/suklaatehdas.com\/en\/","name":"Pieni Suklaatehdas Porvoo","description":"Our handmade chocolate is made with renewable energy in Porvoo, since 2005.","publisher":{"@id":"https:\/\/suklaatehdas.com\/en\/#organization"},"alternateName":"suklaatehdas","potentialAction":[{"@type":"SearchAction","target":{"@type":"EntryPoint","urlTemplate":"https:\/\/suklaatehdas.com\/en\/?s={search_term_string}"},"query-input":{"@type":"PropertyValueSpecification","valueRequired":true,"valueName":"search_term_string"}}],"inLanguage":"en-US"},{"@type":"Organization","@id":"https:\/\/suklaatehdas.com\/en\/#organization","name":"Pieni Suklaatehdas","alternateName":"suklaatehdas","url":"https:\/\/suklaatehdas.com\/en\/","logo":{"@type":"ImageObject","inLanguage":"en-US","@id":"https:\/\/suklaatehdas.com\/en\/#\/schema\/logo\/image\/","url":"https:\/\/suklaatehdas.com\/wp-content\/uploads\/2021\/06\/pienisuklaatehdas_logo300.jpg","contentUrl":"https:\/\/suklaatehdas.com\/wp-content\/uploads\/2021\/06\/pienisuklaatehdas_logo300.jpg","width":300,"height":95,"caption":"Pieni Suklaatehdas"},"image":{"@id":"https:\/\/suklaatehdas.com\/en\/#\/schema\/logo\/image\/"},"sameAs":["https:\/\/www.facebook.com\/pienisuklaatehdas\/","https:\/\/www.instagram.com\/pienisuklaatehdas\/?hl=fi"]}]}},"taxonomy_info":[],"featured_image_src_large":false,"author_info":{"display_name":"admin","author_link":"https:\/\/suklaatehdas.com\/en\/author\/pamela_6vta9zpo\/"},"comment_info":"","_links":{"self":[{"href":"https:\/\/suklaatehdas.com\/en\/wp-json\/wp\/v2\/pages\/6418","targetHints":{"allow":["GET"]}}],"collection":[{"href":"https:\/\/suklaatehdas.com\/en\/wp-json\/wp\/v2\/pages"}],"about":[{"href":"https:\/\/suklaatehdas.com\/en\/wp-json\/wp\/v2\/types\/page"}],"author":[{"embeddable":true,"href":"https:\/\/suklaatehdas.com\/en\/wp-json\/wp\/v2\/users\/1"}],"replies":[{"embeddable":true,"href":"https:\/\/suklaatehdas.com\/en\/wp-json\/wp\/v2\/comments?post=6418"}],"version-history":[{"count":0,"href":"https:\/\/suklaatehdas.com\/en\/wp-json\/wp\/v2\/pages\/6418\/revisions"}],"wp:attachment":[{"href":"https:\/\/suklaatehdas.com\/en\/wp-json\/wp\/v2\/media?parent=6418"}],"curies":[{"name":"wp","href":"https:\/\/api.w.org\/{rel}","templated":true}]}}