{"id":7311,"date":"2022-11-24T14:11:27","date_gmt":"2022-11-24T11:11:27","guid":{"rendered":"https:\/\/suklaatehdas.com\/tuote\/fiji-80\/"},"modified":"2026-03-02T04:37:32","modified_gmt":"2026-03-02T01:37:32","slug":"fiji-80","status":"publish","type":"product","link":"https:\/\/suklaatehdas.com\/en\/product\/fiji-80\/","title":{"rendered":"Fiji 80%"},"content":{"rendered":"<p>Fiji 80% is the dark dairy-free chocolate of our bean to bar chocolate series. The wonderful red wine-like nuance of the Fijian forastero cocoa bean is beautifully presented in this 80% chocolate.  <\/p>\n<p>The cocoa beans come to us directly from the farmer in the Fiji Islands. We roast the beans and grind them in a stone mill for days.  <\/p>\n<p>Fiji 80% was awarded a gold medal 2022 in the international <a href=\"https:\/\/academyofchocolate.org.uk\/\" target=\"_blank\">Academy of Chocolate<\/a> competition. It is a great honor for a small workshop. <\/p>\n<p>VEGAN. GLUTEN FREE <\/p>\n<p>Ingredients:<br \/>\nOrganic forastero cocoa bean, organic sugar, cocoa butter<\/p>\n<p>Do you have any questions about our products? Contact our <a href=\"https:\/\/suklaatehdas.com\/en\/contacts\/\">customer service<\/a>! <\/p>\n","protected":false},"excerpt":{"rendered":"<p>Fiji 80% was awarded a gold medal 2022 in the international Academy of Chocolate competition. It is a great honor for a small workshop, and for this bean to bar chocolate of ours with a wonderful red wine-like aroma.<\/p>\n","protected":false},"featured_media":7305,"template":"","meta":{"_kad_blocks_custom_css":"","_kad_blocks_head_custom_js":"","_kad_blocks_body_custom_js":"","_kad_blocks_footer_custom_js":"","_kad_post_transparent":"","_kad_post_title":"","_kad_post_layout":"default","_kad_post_sidebar_id":"","_kad_post_content_style":"default","_kad_post_vertical_padding":"default","_kad_post_feature":"","_kad_post_feature_position":"","_kad_post_header":false,"_kad_post_footer":false,"_kad_post_classname":""},"product_brand":[],"product_cat":[96],"product_tag":[],"class_list":{"0":"post-7311","1":"product","2":"type-product","3":"status-publish","4":"has-post-thumbnail","6":"product_cat-bean-to-bar-chocolate","8":"first","9":"instock","10":"featured","11":"taxable","12":"shipping-taxable","13":"purchasable","14":"product-type-simple","15":"entry","16":"content-bg","17":"loop-entry"},"yoast_head":"<!-- This site is optimized with the Yoast SEO plugin v27.3 - https:\/\/yoast.com\/product\/yoast-seo-wordpress\/ -->\n<title>Fiji 80% chocolatebars, vegan, gluten free, hand made chocolate | Pieni Suklaatehdas Porvoo<\/title>\n<meta name=\"description\" content=\"Fiji 80% on bean to bar suklaasarjamme palkittu tumma suklaalevy. Ihanan punaviinim\u00e4inen vivahde tulee hienosti esille t\u00e4ss\u00e4 80% suklaassa.\" \/>\n<meta name=\"robots\" content=\"index, follow, max-snippet:-1, max-image-preview:large, max-video-preview:-1\" \/>\n<link rel=\"canonical\" href=\"https:\/\/suklaatehdas.com\/en\/product\/fiji-80\/\" \/>\n<meta property=\"og:locale\" content=\"en_US\" \/>\n<meta property=\"og:type\" content=\"article\" \/>\n<meta property=\"og:title\" content=\"Fiji 80% chocolatebars, vegan, gluten free, hand made chocolate | Pieni Suklaatehdas Porvoo\" \/>\n<meta property=\"og:description\" content=\"Fiji 80% on bean to bar suklaasarjamme palkittu tumma suklaalevy. Ihanan punaviinim\u00e4inen vivahde tulee hienosti esille t\u00e4ss\u00e4 80% suklaassa.\" \/>\n<meta property=\"og:url\" content=\"https:\/\/suklaatehdas.com\/en\/product\/fiji-80\/\" \/>\n<meta property=\"og:site_name\" content=\"Pieni Suklaatehdas Porvoo\" \/>\n<meta property=\"article:publisher\" content=\"https:\/\/www.facebook.com\/pienisuklaatehdas\/\" \/>\n<meta property=\"article:modified_time\" content=\"2026-03-02T01:37:32+00:00\" \/>\n<meta property=\"og:image\" content=\"https:\/\/suklaatehdas.com\/wp-content\/uploads\/2022\/11\/fiji.jpg\" \/>\n\t<meta property=\"og:image:width\" content=\"2000\" \/>\n\t<meta property=\"og:image:height\" content=\"2000\" \/>\n\t<meta property=\"og:image:type\" content=\"image\/jpeg\" \/>\n<meta name=\"twitter:card\" content=\"summary_large_image\" \/>\n<meta name=\"twitter:label1\" content=\"Est. reading time\" \/>\n\t<meta name=\"twitter:data1\" content=\"1 minute\" \/>\n<script type=\"application\/ld+json\" class=\"yoast-schema-graph\">{\"@context\":\"https:\\\/\\\/schema.org\",\"@graph\":[{\"@type\":\"WebPage\",\"@id\":\"https:\\\/\\\/suklaatehdas.com\\\/en\\\/product\\\/fiji-80\\\/\",\"url\":\"https:\\\/\\\/suklaatehdas.com\\\/en\\\/product\\\/fiji-80\\\/\",\"name\":\"Fiji 80% chocolatebars, vegan, gluten free, hand made chocolate | Pieni Suklaatehdas Porvoo\",\"isPartOf\":{\"@id\":\"https:\\\/\\\/suklaatehdas.com\\\/en\\\/#website\"},\"primaryImageOfPage\":{\"@id\":\"https:\\\/\\\/suklaatehdas.com\\\/en\\\/product\\\/fiji-80\\\/#primaryimage\"},\"image\":{\"@id\":\"https:\\\/\\\/suklaatehdas.com\\\/en\\\/product\\\/fiji-80\\\/#primaryimage\"},\"thumbnailUrl\":\"https:\\\/\\\/suklaatehdas.com\\\/wp-content\\\/uploads\\\/2022\\\/11\\\/fiji.jpg\",\"datePublished\":\"2022-11-24T11:11:27+00:00\",\"dateModified\":\"2026-03-02T01:37:32+00:00\",\"description\":\"Fiji 80% on bean to bar suklaasarjamme palkittu tumma suklaalevy. Ihanan punaviinim\u00e4inen vivahde tulee hienosti esille t\u00e4ss\u00e4 80% suklaassa.\",\"breadcrumb\":{\"@id\":\"https:\\\/\\\/suklaatehdas.com\\\/en\\\/product\\\/fiji-80\\\/#breadcrumb\"},\"inLanguage\":\"en-US\",\"potentialAction\":[{\"@type\":\"ReadAction\",\"target\":[\"https:\\\/\\\/suklaatehdas.com\\\/en\\\/product\\\/fiji-80\\\/\"]}]},{\"@type\":\"ImageObject\",\"inLanguage\":\"en-US\",\"@id\":\"https:\\\/\\\/suklaatehdas.com\\\/en\\\/product\\\/fiji-80\\\/#primaryimage\",\"url\":\"https:\\\/\\\/suklaatehdas.com\\\/wp-content\\\/uploads\\\/2022\\\/11\\\/fiji.jpg\",\"contentUrl\":\"https:\\\/\\\/suklaatehdas.com\\\/wp-content\\\/uploads\\\/2022\\\/11\\\/fiji.jpg\",\"width\":2000,\"height\":2000,\"caption\":\"chocolate bar\"},{\"@type\":\"BreadcrumbList\",\"@id\":\"https:\\\/\\\/suklaatehdas.com\\\/en\\\/product\\\/fiji-80\\\/#breadcrumb\",\"itemListElement\":[{\"@type\":\"ListItem\",\"position\":1,\"name\":\"Etusivu\",\"item\":\"https:\\\/\\\/suklaatehdas.com\\\/en\\\/\"},{\"@type\":\"ListItem\",\"position\":2,\"name\":\"Shop\",\"item\":\"https:\\\/\\\/suklaatehdas.com\\\/en\\\/shop\\\/\"},{\"@type\":\"ListItem\",\"position\":3,\"name\":\"Fiji 80%\"}]},{\"@type\":\"WebSite\",\"@id\":\"https:\\\/\\\/suklaatehdas.com\\\/en\\\/#website\",\"url\":\"https:\\\/\\\/suklaatehdas.com\\\/en\\\/\",\"name\":\"Pieni Suklaatehdas Porvoo\",\"description\":\"Our handmade chocolate is made with renewable energy in Porvoo, since 2005.\",\"publisher\":{\"@id\":\"https:\\\/\\\/suklaatehdas.com\\\/en\\\/#organization\"},\"alternateName\":\"suklaatehdas\",\"potentialAction\":[{\"@type\":\"SearchAction\",\"target\":{\"@type\":\"EntryPoint\",\"urlTemplate\":\"https:\\\/\\\/suklaatehdas.com\\\/en\\\/?s={search_term_string}\"},\"query-input\":{\"@type\":\"PropertyValueSpecification\",\"valueRequired\":true,\"valueName\":\"search_term_string\"}}],\"inLanguage\":\"en-US\"},{\"@type\":\"Organization\",\"@id\":\"https:\\\/\\\/suklaatehdas.com\\\/en\\\/#organization\",\"name\":\"Pieni Suklaatehdas\",\"alternateName\":\"suklaatehdas\",\"url\":\"https:\\\/\\\/suklaatehdas.com\\\/en\\\/\",\"logo\":{\"@type\":\"ImageObject\",\"inLanguage\":\"en-US\",\"@id\":\"https:\\\/\\\/suklaatehdas.com\\\/en\\\/#\\\/schema\\\/logo\\\/image\\\/\",\"url\":\"https:\\\/\\\/suklaatehdas.com\\\/wp-content\\\/uploads\\\/2021\\\/06\\\/pienisuklaatehdas_logo300.jpg\",\"contentUrl\":\"https:\\\/\\\/suklaatehdas.com\\\/wp-content\\\/uploads\\\/2021\\\/06\\\/pienisuklaatehdas_logo300.jpg\",\"width\":300,\"height\":95,\"caption\":\"Pieni Suklaatehdas\"},\"image\":{\"@id\":\"https:\\\/\\\/suklaatehdas.com\\\/en\\\/#\\\/schema\\\/logo\\\/image\\\/\"},\"sameAs\":[\"https:\\\/\\\/www.facebook.com\\\/pienisuklaatehdas\\\/\",\"https:\\\/\\\/www.instagram.com\\\/pienisuklaatehdas\\\/?hl=fi\"]}]}<\/script>\n<!-- \/ Yoast SEO plugin. -->","yoast_head_json":{"title":"Fiji 80% chocolatebars, vegan, gluten free, hand made chocolate | Pieni Suklaatehdas Porvoo","description":"Fiji 80% on bean to bar suklaasarjamme palkittu tumma suklaalevy. Ihanan punaviinim\u00e4inen vivahde tulee hienosti esille t\u00e4ss\u00e4 80% suklaassa.","robots":{"index":"index","follow":"follow","max-snippet":"max-snippet:-1","max-image-preview":"max-image-preview:large","max-video-preview":"max-video-preview:-1"},"canonical":"https:\/\/suklaatehdas.com\/en\/product\/fiji-80\/","og_locale":"en_US","og_type":"article","og_title":"Fiji 80% chocolatebars, vegan, gluten free, hand made chocolate | Pieni Suklaatehdas Porvoo","og_description":"Fiji 80% on bean to bar suklaasarjamme palkittu tumma suklaalevy. Ihanan punaviinim\u00e4inen vivahde tulee hienosti esille t\u00e4ss\u00e4 80% suklaassa.","og_url":"https:\/\/suklaatehdas.com\/en\/product\/fiji-80\/","og_site_name":"Pieni Suklaatehdas Porvoo","article_publisher":"https:\/\/www.facebook.com\/pienisuklaatehdas\/","article_modified_time":"2026-03-02T01:37:32+00:00","og_image":[{"width":2000,"height":2000,"url":"https:\/\/suklaatehdas.com\/wp-content\/uploads\/2022\/11\/fiji.jpg","type":"image\/jpeg"}],"twitter_card":"summary_large_image","twitter_misc":{"Est. reading time":"1 minute"},"schema":{"@context":"https:\/\/schema.org","@graph":[{"@type":"WebPage","@id":"https:\/\/suklaatehdas.com\/en\/product\/fiji-80\/","url":"https:\/\/suklaatehdas.com\/en\/product\/fiji-80\/","name":"Fiji 80% chocolatebars, vegan, gluten free, hand made chocolate | Pieni Suklaatehdas Porvoo","isPartOf":{"@id":"https:\/\/suklaatehdas.com\/en\/#website"},"primaryImageOfPage":{"@id":"https:\/\/suklaatehdas.com\/en\/product\/fiji-80\/#primaryimage"},"image":{"@id":"https:\/\/suklaatehdas.com\/en\/product\/fiji-80\/#primaryimage"},"thumbnailUrl":"https:\/\/suklaatehdas.com\/wp-content\/uploads\/2022\/11\/fiji.jpg","datePublished":"2022-11-24T11:11:27+00:00","dateModified":"2026-03-02T01:37:32+00:00","description":"Fiji 80% on bean to bar suklaasarjamme palkittu tumma suklaalevy. Ihanan punaviinim\u00e4inen vivahde tulee hienosti esille t\u00e4ss\u00e4 80% suklaassa.","breadcrumb":{"@id":"https:\/\/suklaatehdas.com\/en\/product\/fiji-80\/#breadcrumb"},"inLanguage":"en-US","potentialAction":[{"@type":"ReadAction","target":["https:\/\/suklaatehdas.com\/en\/product\/fiji-80\/"]}]},{"@type":"ImageObject","inLanguage":"en-US","@id":"https:\/\/suklaatehdas.com\/en\/product\/fiji-80\/#primaryimage","url":"https:\/\/suklaatehdas.com\/wp-content\/uploads\/2022\/11\/fiji.jpg","contentUrl":"https:\/\/suklaatehdas.com\/wp-content\/uploads\/2022\/11\/fiji.jpg","width":2000,"height":2000,"caption":"chocolate bar"},{"@type":"BreadcrumbList","@id":"https:\/\/suklaatehdas.com\/en\/product\/fiji-80\/#breadcrumb","itemListElement":[{"@type":"ListItem","position":1,"name":"Etusivu","item":"https:\/\/suklaatehdas.com\/en\/"},{"@type":"ListItem","position":2,"name":"Shop","item":"https:\/\/suklaatehdas.com\/en\/shop\/"},{"@type":"ListItem","position":3,"name":"Fiji 80%"}]},{"@type":"WebSite","@id":"https:\/\/suklaatehdas.com\/en\/#website","url":"https:\/\/suklaatehdas.com\/en\/","name":"Pieni Suklaatehdas Porvoo","description":"Our handmade chocolate is made with renewable energy in Porvoo, since 2005.","publisher":{"@id":"https:\/\/suklaatehdas.com\/en\/#organization"},"alternateName":"suklaatehdas","potentialAction":[{"@type":"SearchAction","target":{"@type":"EntryPoint","urlTemplate":"https:\/\/suklaatehdas.com\/en\/?s={search_term_string}"},"query-input":{"@type":"PropertyValueSpecification","valueRequired":true,"valueName":"search_term_string"}}],"inLanguage":"en-US"},{"@type":"Organization","@id":"https:\/\/suklaatehdas.com\/en\/#organization","name":"Pieni Suklaatehdas","alternateName":"suklaatehdas","url":"https:\/\/suklaatehdas.com\/en\/","logo":{"@type":"ImageObject","inLanguage":"en-US","@id":"https:\/\/suklaatehdas.com\/en\/#\/schema\/logo\/image\/","url":"https:\/\/suklaatehdas.com\/wp-content\/uploads\/2021\/06\/pienisuklaatehdas_logo300.jpg","contentUrl":"https:\/\/suklaatehdas.com\/wp-content\/uploads\/2021\/06\/pienisuklaatehdas_logo300.jpg","width":300,"height":95,"caption":"Pieni Suklaatehdas"},"image":{"@id":"https:\/\/suklaatehdas.com\/en\/#\/schema\/logo\/image\/"},"sameAs":["https:\/\/www.facebook.com\/pienisuklaatehdas\/","https:\/\/www.instagram.com\/pienisuklaatehdas\/?hl=fi"]}]}},"taxonomy_info":{"product_cat":[{"value":96,"label":"Bean to bar chocolate"}]},"featured_image_src_large":["https:\/\/suklaatehdas.com\/wp-content\/uploads\/2022\/11\/fiji-1024x1024.jpg",1024,1024,true],"author_info":[],"comment_info":"","_links":{"self":[{"href":"https:\/\/suklaatehdas.com\/en\/wp-json\/wp\/v2\/product\/7311","targetHints":{"allow":["GET"]}}],"collection":[{"href":"https:\/\/suklaatehdas.com\/en\/wp-json\/wp\/v2\/product"}],"about":[{"href":"https:\/\/suklaatehdas.com\/en\/wp-json\/wp\/v2\/types\/product"}],"wp:featuredmedia":[{"embeddable":true,"href":"https:\/\/suklaatehdas.com\/en\/wp-json\/wp\/v2\/media\/7305"}],"wp:attachment":[{"href":"https:\/\/suklaatehdas.com\/en\/wp-json\/wp\/v2\/media?parent=7311"}],"wp:term":[{"taxonomy":"product_brand","embeddable":true,"href":"https:\/\/suklaatehdas.com\/en\/wp-json\/wp\/v2\/product_brand?post=7311"},{"taxonomy":"product_cat","embeddable":true,"href":"https:\/\/suklaatehdas.com\/en\/wp-json\/wp\/v2\/product_cat?post=7311"},{"taxonomy":"product_tag","embeddable":true,"href":"https:\/\/suklaatehdas.com\/en\/wp-json\/wp\/v2\/product_tag?post=7311"}],"curies":[{"name":"wp","href":"https:\/\/api.w.org\/{rel}","templated":true}]}}