{"id":2548,"date":"2021-07-05T14:41:07","date_gmt":"2021-07-05T11:41:07","guid":{"rendered":"https:\/\/suklaatehdas.com\/tuote\/madagascar-40\/"},"modified":"2026-04-11T11:34:12","modified_gmt":"2026-04-11T08:34:12","slug":"madagascar-40-2","status":"publish","type":"product","link":"https:\/\/suklaatehdas.com\/sv\/product\/madagascar-40-2\/","title":{"rendered":"Madagascar 40%"},"content":{"rendered":"<h4><span style=\"color: inherit;font-family: inherit\"><br \/>\n<a href=\"https:\/\/sv.wikipedia.org\/wiki\/Madagaskar\">Madagascar<\/a> 40%<\/span><\/h4>\n<p style=\"text-align: left\">Madagaskar 40% \u00e4r en prisbel\u00f6nt <a href=\"https:\/\/fi.wikipedia.org\/wiki\/Maitosuklaa\">mj\u00f6lkchoklad<\/a> fr\u00e5n v\u00e5r <a href=\"https:\/\/en.wikipedia.org\/wiki\/Bean-to-bar\">bean to bar<\/a>-chokladserie. Den livfulla Trinitario-kakaob\u00f6nan blandas med mjuk mj\u00f6lk, vilket resulterar i en m\u00f6rk mj\u00f6lkchoklad som kittlar dina smakl\u00f6kar med varje tugga! Vi tillverkar choklad fr\u00e5n grunden i v\u00e5r lilla fabrik. Vi rostar och maler ekologiska och direkthandelsbaserade kakaob\u00f6nor. Den underbara chokladmassan f\u00e5r utvecklas i sten kvarnen i flera dagar. Vi lagrar den f\u00e4rdiga chokladen l\u00e4nge, ofta i m\u00e5nader, s\u00e5 att alla underbara smaker kan komma fram. Efter tempereringen h\u00e4ller vi chokladen i formar f\u00f6r hand. Efter paketering \u00e4r v\u00e5r choklad, gjord fr\u00e5n grunden, redo att resa till dig!<\/p>\n<p>&nbsp;<\/p>\n<p>Madagascar 40% ingredienser:<\/p>\n<p>Kakaob\u00f6na, socker, helmj\u00f6lkspulver, kakaosm\u00f6r<\/p>\n","protected":false},"excerpt":{"rendered":"<p>Madagaskar 40%, internationellt prisbel\u00f6nt mjuk m\u00f6rk mj\u00f6lkchoklad. Denna choklad \u00e4r tillverkad av Trinitarios kakaob\u00f6nor i v\u00e5r lilla chokladfabrik i Tarmola, Borg\u00e5.<\/p>\n<p><img loading=\"lazy\" decoding=\"async\" class=\"alignnone size-thumbnail wp-image-1315\" src=\"https:\/\/suklaatehdas.com\/wp-content\/uploads\/2021\/05\/ica-prize-logo-2017-winner-rgb-scaled-1-150x150.jpg\" alt=\"\" width=\"61\" height=\"67\" srcset=\"https:\/\/suklaatehdas.com\/wp-content\/uploads\/2021\/05\/ica-prize-logo-2017-winner-rgb-scaled-1-271x300.jpg 271w, https:\/\/suklaatehdas.com\/wp-content\/uploads\/2021\/05\/ica-prize-logo-2017-winner-rgb-scaled-1-926x1024.jpg 926w, https:\/\/suklaatehdas.com\/wp-content\/uploads\/2021\/05\/ica-prize-logo-2017-winner-rgb-scaled-1-768x849.jpg 768w, https:\/\/suklaatehdas.com\/wp-content\/uploads\/2021\/05\/ica-prize-logo-2017-winner-rgb-scaled-1-1390x1536.jpg 1390w, https:\/\/suklaatehdas.com\/wp-content\/uploads\/2021\/05\/ica-prize-logo-2017-winner-rgb-scaled-1-1853x2048.jpg 1853w\" sizes=\"auto, (max-width: 61px) 100vw, 61px\" \/> <img loading=\"lazy\" decoding=\"async\" class=\"alignnone size-thumbnail wp-image-1483\" src=\"https:\/\/suklaatehdas.com\/wp-content\/uploads\/2021\/05\/winner_pieni-150x150.jpg\" alt=\"winner18\" width=\"61\" height=\"67\" srcset=\"https:\/\/suklaatehdas.com\/wp-content\/uploads\/2021\/05\/winner_pieni-277x300.jpg 277w, https:\/\/suklaatehdas.com\/wp-content\/uploads\/2021\/05\/winner_pieni-946x1024.jpg 946w, https:\/\/suklaatehdas.com\/wp-content\/uploads\/2021\/05\/winner_pieni-768x831.jpg 768w, https:\/\/suklaatehdas.com\/wp-content\/uploads\/2021\/05\/winner_pieni.jpg 1034w\" sizes=\"auto, (max-width: 61px) 100vw, 61px\" \/> <img loading=\"lazy\" decoding=\"async\" class=\"alignnone size-thumbnail wp-image-1319\" src=\"https:\/\/suklaatehdas.com\/wp-content\/uploads\/2021\/05\/ica-prize-logo-2019-winner-rgb-scaled-1-150x150.jpg\" alt=\"\" width=\"61\" height=\"67\" srcset=\"https:\/\/suklaatehdas.com\/wp-content\/uploads\/2021\/05\/ica-prize-logo-2019-winner-rgb-scaled-1-277x300.jpg 277w, https:\/\/suklaatehdas.com\/wp-content\/uploads\/2021\/05\/ica-prize-logo-2019-winner-rgb-scaled-1-946x1024.jpg 946w, https:\/\/suklaatehdas.com\/wp-content\/uploads\/2021\/05\/ica-prize-logo-2019-winner-rgb-scaled-1-768x831.jpg 768w, https:\/\/suklaatehdas.com\/wp-content\/uploads\/2021\/05\/ica-prize-logo-2019-winner-rgb-scaled-1-1420x1536.jpg 1420w, https:\/\/suklaatehdas.com\/wp-content\/uploads\/2021\/05\/ica-prize-logo-2019-winner-rgb-scaled-1-1893x2048.jpg 1893w\" sizes=\"auto, (max-width: 61px) 100vw, 61px\" \/><\/p>\n","protected":false},"featured_media":7256,"template":"","meta":{"_kad_blocks_custom_css":"","_kad_blocks_head_custom_js":"","_kad_blocks_body_custom_js":"","_kad_blocks_footer_custom_js":"","_kad_post_transparent":"","_kad_post_title":"","_kad_post_layout":"default","_kad_post_sidebar_id":"","_kad_post_content_style":"default","_kad_post_vertical_padding":"default","_kad_post_feature":"","_kad_post_feature_position":"","_kad_post_header":false,"_kad_post_footer":false,"_kad_post_classname":""},"product_brand":[],"product_cat":[85],"product_tag":[],"class_list":{"0":"post-2548","1":"product","2":"type-product","3":"status-publish","4":"has-post-thumbnail","6":"product_cat-bean-to-bar-choklad","8":"first","9":"instock","10":"featured","11":"taxable","12":"shipping-taxable","13":"purchasable","14":"product-type-simple","15":"entry","16":"content-bg","17":"loop-entry"},"yoast_head":"<!-- This site is optimized with the Yoast SEO plugin v27.3 - https:\/\/yoast.com\/product\/yoast-seo-wordpress\/ -->\n<title>Madagascar 40% maitosuklaa | Pieni Suklaatehdas Porvoo<\/title>\n<meta name=\"description\" content=\"Madagaskar 40% \u00e4r en mj\u00f6lkchoklad fr\u00e5n v\u00e5r bean to bar-chokladserie. Trinitario-kakaob\u00f6nor och mjuk mj\u00f6lk, vilket resulterar i m\u00f6rk kr\u00e4mig mj\u00f6lkchoklad.\" \/>\n<meta name=\"robots\" content=\"index, follow, max-snippet:-1, max-image-preview:large, max-video-preview:-1\" \/>\n<link rel=\"canonical\" href=\"https:\/\/suklaatehdas.com\/sv\/product\/madagascar-40-2\/\" \/>\n<meta property=\"og:locale\" content=\"sv_SE\" \/>\n<meta property=\"og:type\" content=\"article\" \/>\n<meta property=\"og:title\" content=\"Madagascar 40% maitosuklaa | Pieni Suklaatehdas Porvoo\" \/>\n<meta property=\"og:description\" content=\"Madagaskar 40% \u00e4r en mj\u00f6lkchoklad fr\u00e5n v\u00e5r bean to bar-chokladserie. Trinitario-kakaob\u00f6nor och mjuk mj\u00f6lk, vilket resulterar i m\u00f6rk kr\u00e4mig mj\u00f6lkchoklad.\" \/>\n<meta property=\"og:url\" content=\"https:\/\/suklaatehdas.com\/sv\/product\/madagascar-40-2\/\" \/>\n<meta property=\"og:site_name\" content=\"Pieni Suklaatehdas Porvoo\" \/>\n<meta property=\"article:publisher\" content=\"https:\/\/www.facebook.com\/pienisuklaatehdas\/\" \/>\n<meta property=\"article:modified_time\" content=\"2026-04-11T08:34:12+00:00\" \/>\n<meta property=\"og:image\" content=\"https:\/\/suklaatehdas.com\/wp-content\/uploads\/2021\/07\/mada40-1.jpg\" \/>\n\t<meta property=\"og:image:width\" content=\"2000\" \/>\n\t<meta property=\"og:image:height\" content=\"2000\" \/>\n\t<meta property=\"og:image:type\" content=\"image\/jpeg\" \/>\n<meta name=\"twitter:card\" content=\"summary_large_image\" \/>\n<meta name=\"twitter:label1\" content=\"Ber\u00e4knad l\u00e4stid\" \/>\n\t<meta name=\"twitter:data1\" content=\"1 minut\" \/>\n<script type=\"application\/ld+json\" class=\"yoast-schema-graph\">{\"@context\":\"https:\\\/\\\/schema.org\",\"@graph\":[{\"@type\":\"WebPage\",\"@id\":\"https:\\\/\\\/suklaatehdas.com\\\/sv\\\/product\\\/madagascar-40-2\\\/\",\"url\":\"https:\\\/\\\/suklaatehdas.com\\\/sv\\\/product\\\/madagascar-40-2\\\/\",\"name\":\"Madagascar 40% maitosuklaa | Pieni Suklaatehdas Porvoo\",\"isPartOf\":{\"@id\":\"https:\\\/\\\/suklaatehdas.com\\\/sv\\\/#website\"},\"primaryImageOfPage\":{\"@id\":\"https:\\\/\\\/suklaatehdas.com\\\/sv\\\/product\\\/madagascar-40-2\\\/#primaryimage\"},\"image\":{\"@id\":\"https:\\\/\\\/suklaatehdas.com\\\/sv\\\/product\\\/madagascar-40-2\\\/#primaryimage\"},\"thumbnailUrl\":\"https:\\\/\\\/suklaatehdas.com\\\/wp-content\\\/uploads\\\/2021\\\/07\\\/mada40-1.jpg\",\"datePublished\":\"2021-07-05T11:41:07+00:00\",\"dateModified\":\"2026-04-11T08:34:12+00:00\",\"description\":\"Madagaskar 40% \u00e4r en mj\u00f6lkchoklad fr\u00e5n v\u00e5r bean to bar-chokladserie. Trinitario-kakaob\u00f6nor och mjuk mj\u00f6lk, vilket resulterar i m\u00f6rk kr\u00e4mig mj\u00f6lkchoklad.\",\"breadcrumb\":{\"@id\":\"https:\\\/\\\/suklaatehdas.com\\\/sv\\\/product\\\/madagascar-40-2\\\/#breadcrumb\"},\"inLanguage\":\"sv-SE\",\"potentialAction\":[{\"@type\":\"ReadAction\",\"target\":[\"https:\\\/\\\/suklaatehdas.com\\\/sv\\\/product\\\/madagascar-40-2\\\/\"]}]},{\"@type\":\"ImageObject\",\"inLanguage\":\"sv-SE\",\"@id\":\"https:\\\/\\\/suklaatehdas.com\\\/sv\\\/product\\\/madagascar-40-2\\\/#primaryimage\",\"url\":\"https:\\\/\\\/suklaatehdas.com\\\/wp-content\\\/uploads\\\/2021\\\/07\\\/mada40-1.jpg\",\"contentUrl\":\"https:\\\/\\\/suklaatehdas.com\\\/wp-content\\\/uploads\\\/2021\\\/07\\\/mada40-1.jpg\",\"width\":2000,\"height\":2000,\"caption\":\"madagascar mj\u00f6lkchokladplatta\"},{\"@type\":\"BreadcrumbList\",\"@id\":\"https:\\\/\\\/suklaatehdas.com\\\/sv\\\/product\\\/madagascar-40-2\\\/#breadcrumb\",\"itemListElement\":[{\"@type\":\"ListItem\",\"position\":1,\"name\":\"Etusivu\",\"item\":\"https:\\\/\\\/suklaatehdas.com\\\/sv\\\/\"},{\"@type\":\"ListItem\",\"position\":2,\"name\":\"Butik\",\"item\":\"https:\\\/\\\/suklaatehdas.com\\\/sv\\\/butik\\\/\"},{\"@type\":\"ListItem\",\"position\":3,\"name\":\"Madagascar 40%\"}]},{\"@type\":\"WebSite\",\"@id\":\"https:\\\/\\\/suklaatehdas.com\\\/sv\\\/#website\",\"url\":\"https:\\\/\\\/suklaatehdas.com\\\/sv\\\/\",\"name\":\"Pieni Suklaatehdas Porvoo\",\"description\":\"Our handmade chocolate is made with renewable energy in Porvoo, since 2005.\",\"publisher\":{\"@id\":\"https:\\\/\\\/suklaatehdas.com\\\/sv\\\/#organization\"},\"alternateName\":\"suklaatehdas\",\"potentialAction\":[{\"@type\":\"SearchAction\",\"target\":{\"@type\":\"EntryPoint\",\"urlTemplate\":\"https:\\\/\\\/suklaatehdas.com\\\/sv\\\/?s={search_term_string}\"},\"query-input\":{\"@type\":\"PropertyValueSpecification\",\"valueRequired\":true,\"valueName\":\"search_term_string\"}}],\"inLanguage\":\"sv-SE\"},{\"@type\":\"Organization\",\"@id\":\"https:\\\/\\\/suklaatehdas.com\\\/sv\\\/#organization\",\"name\":\"Pieni Suklaatehdas\",\"alternateName\":\"suklaatehdas\",\"url\":\"https:\\\/\\\/suklaatehdas.com\\\/sv\\\/\",\"logo\":{\"@type\":\"ImageObject\",\"inLanguage\":\"sv-SE\",\"@id\":\"https:\\\/\\\/suklaatehdas.com\\\/sv\\\/#\\\/schema\\\/logo\\\/image\\\/\",\"url\":\"https:\\\/\\\/suklaatehdas.com\\\/wp-content\\\/uploads\\\/2021\\\/06\\\/pienisuklaatehdas_logo300.jpg\",\"contentUrl\":\"https:\\\/\\\/suklaatehdas.com\\\/wp-content\\\/uploads\\\/2021\\\/06\\\/pienisuklaatehdas_logo300.jpg\",\"width\":300,\"height\":95,\"caption\":\"Pieni Suklaatehdas\"},\"image\":{\"@id\":\"https:\\\/\\\/suklaatehdas.com\\\/sv\\\/#\\\/schema\\\/logo\\\/image\\\/\"},\"sameAs\":[\"https:\\\/\\\/www.facebook.com\\\/pienisuklaatehdas\\\/\",\"https:\\\/\\\/www.instagram.com\\\/pienisuklaatehdas\\\/?hl=fi\"]}]}<\/script>\n<!-- \/ Yoast SEO plugin. -->","yoast_head_json":{"title":"Madagascar 40% maitosuklaa | Pieni Suklaatehdas Porvoo","description":"Madagaskar 40% \u00e4r en mj\u00f6lkchoklad fr\u00e5n v\u00e5r bean to bar-chokladserie. Trinitario-kakaob\u00f6nor och mjuk mj\u00f6lk, vilket resulterar i m\u00f6rk kr\u00e4mig mj\u00f6lkchoklad.","robots":{"index":"index","follow":"follow","max-snippet":"max-snippet:-1","max-image-preview":"max-image-preview:large","max-video-preview":"max-video-preview:-1"},"canonical":"https:\/\/suklaatehdas.com\/sv\/product\/madagascar-40-2\/","og_locale":"sv_SE","og_type":"article","og_title":"Madagascar 40% maitosuklaa | Pieni Suklaatehdas Porvoo","og_description":"Madagaskar 40% \u00e4r en mj\u00f6lkchoklad fr\u00e5n v\u00e5r bean to bar-chokladserie. Trinitario-kakaob\u00f6nor och mjuk mj\u00f6lk, vilket resulterar i m\u00f6rk kr\u00e4mig mj\u00f6lkchoklad.","og_url":"https:\/\/suklaatehdas.com\/sv\/product\/madagascar-40-2\/","og_site_name":"Pieni Suklaatehdas Porvoo","article_publisher":"https:\/\/www.facebook.com\/pienisuklaatehdas\/","article_modified_time":"2026-04-11T08:34:12+00:00","og_image":[{"width":2000,"height":2000,"url":"https:\/\/suklaatehdas.com\/wp-content\/uploads\/2021\/07\/mada40-1.jpg","type":"image\/jpeg"}],"twitter_card":"summary_large_image","twitter_misc":{"Ber\u00e4knad l\u00e4stid":"1 minut"},"schema":{"@context":"https:\/\/schema.org","@graph":[{"@type":"WebPage","@id":"https:\/\/suklaatehdas.com\/sv\/product\/madagascar-40-2\/","url":"https:\/\/suklaatehdas.com\/sv\/product\/madagascar-40-2\/","name":"Madagascar 40% maitosuklaa | Pieni Suklaatehdas Porvoo","isPartOf":{"@id":"https:\/\/suklaatehdas.com\/sv\/#website"},"primaryImageOfPage":{"@id":"https:\/\/suklaatehdas.com\/sv\/product\/madagascar-40-2\/#primaryimage"},"image":{"@id":"https:\/\/suklaatehdas.com\/sv\/product\/madagascar-40-2\/#primaryimage"},"thumbnailUrl":"https:\/\/suklaatehdas.com\/wp-content\/uploads\/2021\/07\/mada40-1.jpg","datePublished":"2021-07-05T11:41:07+00:00","dateModified":"2026-04-11T08:34:12+00:00","description":"Madagaskar 40% \u00e4r en mj\u00f6lkchoklad fr\u00e5n v\u00e5r bean to bar-chokladserie. Trinitario-kakaob\u00f6nor och mjuk mj\u00f6lk, vilket resulterar i m\u00f6rk kr\u00e4mig mj\u00f6lkchoklad.","breadcrumb":{"@id":"https:\/\/suklaatehdas.com\/sv\/product\/madagascar-40-2\/#breadcrumb"},"inLanguage":"sv-SE","potentialAction":[{"@type":"ReadAction","target":["https:\/\/suklaatehdas.com\/sv\/product\/madagascar-40-2\/"]}]},{"@type":"ImageObject","inLanguage":"sv-SE","@id":"https:\/\/suklaatehdas.com\/sv\/product\/madagascar-40-2\/#primaryimage","url":"https:\/\/suklaatehdas.com\/wp-content\/uploads\/2021\/07\/mada40-1.jpg","contentUrl":"https:\/\/suklaatehdas.com\/wp-content\/uploads\/2021\/07\/mada40-1.jpg","width":2000,"height":2000,"caption":"madagascar mj\u00f6lkchokladplatta"},{"@type":"BreadcrumbList","@id":"https:\/\/suklaatehdas.com\/sv\/product\/madagascar-40-2\/#breadcrumb","itemListElement":[{"@type":"ListItem","position":1,"name":"Etusivu","item":"https:\/\/suklaatehdas.com\/sv\/"},{"@type":"ListItem","position":2,"name":"Butik","item":"https:\/\/suklaatehdas.com\/sv\/butik\/"},{"@type":"ListItem","position":3,"name":"Madagascar 40%"}]},{"@type":"WebSite","@id":"https:\/\/suklaatehdas.com\/sv\/#website","url":"https:\/\/suklaatehdas.com\/sv\/","name":"Pieni Suklaatehdas Porvoo","description":"Our handmade chocolate is made with renewable energy in Porvoo, since 2005.","publisher":{"@id":"https:\/\/suklaatehdas.com\/sv\/#organization"},"alternateName":"suklaatehdas","potentialAction":[{"@type":"SearchAction","target":{"@type":"EntryPoint","urlTemplate":"https:\/\/suklaatehdas.com\/sv\/?s={search_term_string}"},"query-input":{"@type":"PropertyValueSpecification","valueRequired":true,"valueName":"search_term_string"}}],"inLanguage":"sv-SE"},{"@type":"Organization","@id":"https:\/\/suklaatehdas.com\/sv\/#organization","name":"Pieni Suklaatehdas","alternateName":"suklaatehdas","url":"https:\/\/suklaatehdas.com\/sv\/","logo":{"@type":"ImageObject","inLanguage":"sv-SE","@id":"https:\/\/suklaatehdas.com\/sv\/#\/schema\/logo\/image\/","url":"https:\/\/suklaatehdas.com\/wp-content\/uploads\/2021\/06\/pienisuklaatehdas_logo300.jpg","contentUrl":"https:\/\/suklaatehdas.com\/wp-content\/uploads\/2021\/06\/pienisuklaatehdas_logo300.jpg","width":300,"height":95,"caption":"Pieni Suklaatehdas"},"image":{"@id":"https:\/\/suklaatehdas.com\/sv\/#\/schema\/logo\/image\/"},"sameAs":["https:\/\/www.facebook.com\/pienisuklaatehdas\/","https:\/\/www.instagram.com\/pienisuklaatehdas\/?hl=fi"]}]}},"taxonomy_info":{"product_cat":[{"value":85,"label":"Bean to bar choklad"}]},"featured_image_src_large":["https:\/\/suklaatehdas.com\/wp-content\/uploads\/2021\/07\/mada40-1-1024x1024.jpg",1024,1024,true],"author_info":[],"comment_info":"","_links":{"self":[{"href":"https:\/\/suklaatehdas.com\/sv\/wp-json\/wp\/v2\/product\/2548","targetHints":{"allow":["GET"]}}],"collection":[{"href":"https:\/\/suklaatehdas.com\/sv\/wp-json\/wp\/v2\/product"}],"about":[{"href":"https:\/\/suklaatehdas.com\/sv\/wp-json\/wp\/v2\/types\/product"}],"wp:featuredmedia":[{"embeddable":true,"href":"https:\/\/suklaatehdas.com\/sv\/wp-json\/wp\/v2\/media\/7256"}],"wp:attachment":[{"href":"https:\/\/suklaatehdas.com\/sv\/wp-json\/wp\/v2\/media?parent=2548"}],"wp:term":[{"taxonomy":"product_brand","embeddable":true,"href":"https:\/\/suklaatehdas.com\/sv\/wp-json\/wp\/v2\/product_brand?post=2548"},{"taxonomy":"product_cat","embeddable":true,"href":"https:\/\/suklaatehdas.com\/sv\/wp-json\/wp\/v2\/product_cat?post=2548"},{"taxonomy":"product_tag","embeddable":true,"href":"https:\/\/suklaatehdas.com\/sv\/wp-json\/wp\/v2\/product_tag?post=2548"}],"curies":[{"name":"wp","href":"https:\/\/api.w.org\/{rel}","templated":true}]}}