{"id":2549,"date":"2021-07-05T14:41:07","date_gmt":"2021-07-05T11:41:07","guid":{"rendered":"https:\/\/suklaatehdas.com\/tuote\/madagascar-60\/"},"modified":"2023-04-25T14:28:59","modified_gmt":"2023-04-25T11:28:59","slug":"madagascar-60-2","status":"publish","type":"product","link":"https:\/\/suklaatehdas.com\/sv\/product\/madagascar-60-2\/","title":{"rendered":"Madagascar 60%"},"content":{"rendered":"<p>Madagascar 60%<\/p>\n<p>Madagascar 60% \u00e4r mellersta m\u00f6rkchoklad i v\u00e5r bean to bar kollektion. Frisk trinitario b\u00f6na med den karakteristiska smaken\u00a0\u00a0\u00e4r en verklig njutning till sista biten!<\/p>\n<p>Vi tillverkar v\u00e5r choklad i v\u00e5r lilla chokladfabrik fr\u00e5n kakaob\u00f6nor. Vi rostar dom ekologiska och med direct trade levererade kakaob\u00f6norna och malar dom. Det tar dagar f\u00f6r den h\u00e4rliga chokladmassan att bli f\u00e4rdig. Efter det lagrar vi massan till och med m\u00e5nader f\u00f6r att alla aromer kommer fram. Efter tempereringen gjutar vi chokladen f\u00f6r hand i formarna. Efter att vi har paketerat chokladen f\u00f6r hand, \u00e4r det dags att skicka den till dig!<\/p>\n<p>[btn text=&#8221;Bean to bar produktion&#8221; tcolor=#FFF bcolor=#444 thovercolor=#FFF link=&#8221;https:\/\/fpw.hostaan.name\/pct\/kakaobonor\/?lang=sv&#8221; target=&#8221;_blank&#8221;]<\/p>\n<p>&nbsp;<\/p>\n<p>VEGAN<\/p>\n<p>Madagascar 60% ingredienser: Kakaob\u00f6nor, socker, kakaosm\u00f6r<\/p>\n","protected":false},"excerpt":{"rendered":"<p>Madagaskar 60% \u00e4r mellanm\u00f6rk, frisk och aromatisk mj\u00f6lkfria choklad fr\u00e5n v\u00e5r bean to bar-chokladserie. Varje tugga \u00e4r ett n\u00f6je!<\/p>\n","protected":false},"featured_media":7259,"template":"","meta":{"_kad_blocks_custom_css":"","_kad_blocks_head_custom_js":"","_kad_blocks_body_custom_js":"","_kad_blocks_footer_custom_js":"","_kad_post_transparent":"","_kad_post_title":"","_kad_post_layout":"default","_kad_post_sidebar_id":"","_kad_post_content_style":"default","_kad_post_vertical_padding":"default","_kad_post_feature":"","_kad_post_feature_position":"","_kad_post_header":false,"_kad_post_footer":false,"_kad_post_classname":""},"product_brand":[],"product_cat":[85],"product_tag":[],"class_list":{"0":"post-2549","1":"product","2":"type-product","3":"status-publish","4":"has-post-thumbnail","6":"product_cat-bean-to-bar-choklad","8":"first","9":"instock","10":"taxable","11":"shipping-taxable","12":"purchasable","13":"product-type-simple","14":"entry","15":"content-bg","16":"loop-entry"},"yoast_head":"<!-- This site is optimized with the Yoast SEO plugin v27.3 - https:\/\/yoast.com\/product\/yoast-seo-wordpress\/ -->\n<title>Madagascar 60% | Pieni Suklaatehdas Porvoo<\/title>\n<meta name=\"robots\" content=\"index, follow, max-snippet:-1, max-image-preview:large, max-video-preview:-1\" \/>\n<link rel=\"canonical\" href=\"https:\/\/suklaatehdas.com\/sv\/product\/madagascar-60-2\/\" \/>\n<meta property=\"og:locale\" content=\"sv_SE\" \/>\n<meta property=\"og:type\" content=\"article\" \/>\n<meta property=\"og:title\" content=\"Madagascar 60% | Pieni Suklaatehdas Porvoo\" \/>\n<meta property=\"og:description\" content=\"Madagaskar 60% \u00e4r mellanm\u00f6rk, frisk och aromatisk mj\u00f6lkfria choklad fr\u00e5n v\u00e5r bean to bar-chokladserie. Varje tugga \u00e4r ett n\u00f6je!\" \/>\n<meta property=\"og:url\" content=\"https:\/\/suklaatehdas.com\/sv\/product\/madagascar-60-2\/\" \/>\n<meta property=\"og:site_name\" content=\"Pieni Suklaatehdas Porvoo\" \/>\n<meta property=\"article:publisher\" content=\"https:\/\/www.facebook.com\/pienisuklaatehdas\/\" \/>\n<meta property=\"article:modified_time\" content=\"2023-04-25T11:28:59+00:00\" \/>\n<meta property=\"og:image\" content=\"https:\/\/suklaatehdas.com\/wp-content\/uploads\/2021\/07\/mada60-1.jpg\" \/>\n\t<meta property=\"og:image:width\" content=\"2000\" \/>\n\t<meta property=\"og:image:height\" content=\"2000\" \/>\n\t<meta property=\"og:image:type\" content=\"image\/jpeg\" \/>\n<meta name=\"twitter:card\" content=\"summary_large_image\" \/>\n<meta name=\"twitter:label1\" content=\"Ber\u00e4knad l\u00e4stid\" \/>\n\t<meta name=\"twitter:data1\" content=\"1 minut\" \/>\n<script type=\"application\/ld+json\" class=\"yoast-schema-graph\">{\"@context\":\"https:\\\/\\\/schema.org\",\"@graph\":[{\"@type\":\"WebPage\",\"@id\":\"https:\\\/\\\/suklaatehdas.com\\\/sv\\\/product\\\/madagascar-60-2\\\/\",\"url\":\"https:\\\/\\\/suklaatehdas.com\\\/sv\\\/product\\\/madagascar-60-2\\\/\",\"name\":\"Madagascar 60% | Pieni Suklaatehdas Porvoo\",\"isPartOf\":{\"@id\":\"https:\\\/\\\/suklaatehdas.com\\\/sv\\\/#website\"},\"primaryImageOfPage\":{\"@id\":\"https:\\\/\\\/suklaatehdas.com\\\/sv\\\/product\\\/madagascar-60-2\\\/#primaryimage\"},\"image\":{\"@id\":\"https:\\\/\\\/suklaatehdas.com\\\/sv\\\/product\\\/madagascar-60-2\\\/#primaryimage\"},\"thumbnailUrl\":\"https:\\\/\\\/suklaatehdas.com\\\/wp-content\\\/uploads\\\/2021\\\/07\\\/mada60-1.jpg\",\"datePublished\":\"2021-07-05T11:41:07+00:00\",\"dateModified\":\"2023-04-25T11:28:59+00:00\",\"breadcrumb\":{\"@id\":\"https:\\\/\\\/suklaatehdas.com\\\/sv\\\/product\\\/madagascar-60-2\\\/#breadcrumb\"},\"inLanguage\":\"sv-SE\",\"potentialAction\":[{\"@type\":\"ReadAction\",\"target\":[\"https:\\\/\\\/suklaatehdas.com\\\/sv\\\/product\\\/madagascar-60-2\\\/\"]}]},{\"@type\":\"ImageObject\",\"inLanguage\":\"sv-SE\",\"@id\":\"https:\\\/\\\/suklaatehdas.com\\\/sv\\\/product\\\/madagascar-60-2\\\/#primaryimage\",\"url\":\"https:\\\/\\\/suklaatehdas.com\\\/wp-content\\\/uploads\\\/2021\\\/07\\\/mada60-1.jpg\",\"contentUrl\":\"https:\\\/\\\/suklaatehdas.com\\\/wp-content\\\/uploads\\\/2021\\\/07\\\/mada60-1.jpg\",\"width\":2000,\"height\":2000,\"caption\":\"madagascar m\u00f6rkchoklad\"},{\"@type\":\"BreadcrumbList\",\"@id\":\"https:\\\/\\\/suklaatehdas.com\\\/sv\\\/product\\\/madagascar-60-2\\\/#breadcrumb\",\"itemListElement\":[{\"@type\":\"ListItem\",\"position\":1,\"name\":\"Etusivu\",\"item\":\"https:\\\/\\\/suklaatehdas.com\\\/sv\\\/\"},{\"@type\":\"ListItem\",\"position\":2,\"name\":\"Butik\",\"item\":\"https:\\\/\\\/suklaatehdas.com\\\/sv\\\/butik\\\/\"},{\"@type\":\"ListItem\",\"position\":3,\"name\":\"Madagascar 60%\"}]},{\"@type\":\"WebSite\",\"@id\":\"https:\\\/\\\/suklaatehdas.com\\\/sv\\\/#website\",\"url\":\"https:\\\/\\\/suklaatehdas.com\\\/sv\\\/\",\"name\":\"Pieni Suklaatehdas Porvoo\",\"description\":\"Our handmade chocolate is made with renewable energy in Porvoo, since 2005.\",\"publisher\":{\"@id\":\"https:\\\/\\\/suklaatehdas.com\\\/sv\\\/#organization\"},\"alternateName\":\"suklaatehdas\",\"potentialAction\":[{\"@type\":\"SearchAction\",\"target\":{\"@type\":\"EntryPoint\",\"urlTemplate\":\"https:\\\/\\\/suklaatehdas.com\\\/sv\\\/?s={search_term_string}\"},\"query-input\":{\"@type\":\"PropertyValueSpecification\",\"valueRequired\":true,\"valueName\":\"search_term_string\"}}],\"inLanguage\":\"sv-SE\"},{\"@type\":\"Organization\",\"@id\":\"https:\\\/\\\/suklaatehdas.com\\\/sv\\\/#organization\",\"name\":\"Pieni Suklaatehdas\",\"alternateName\":\"suklaatehdas\",\"url\":\"https:\\\/\\\/suklaatehdas.com\\\/sv\\\/\",\"logo\":{\"@type\":\"ImageObject\",\"inLanguage\":\"sv-SE\",\"@id\":\"https:\\\/\\\/suklaatehdas.com\\\/sv\\\/#\\\/schema\\\/logo\\\/image\\\/\",\"url\":\"https:\\\/\\\/suklaatehdas.com\\\/wp-content\\\/uploads\\\/2021\\\/06\\\/pienisuklaatehdas_logo300.jpg\",\"contentUrl\":\"https:\\\/\\\/suklaatehdas.com\\\/wp-content\\\/uploads\\\/2021\\\/06\\\/pienisuklaatehdas_logo300.jpg\",\"width\":300,\"height\":95,\"caption\":\"Pieni Suklaatehdas\"},\"image\":{\"@id\":\"https:\\\/\\\/suklaatehdas.com\\\/sv\\\/#\\\/schema\\\/logo\\\/image\\\/\"},\"sameAs\":[\"https:\\\/\\\/www.facebook.com\\\/pienisuklaatehdas\\\/\",\"https:\\\/\\\/www.instagram.com\\\/pienisuklaatehdas\\\/?hl=fi\"]}]}<\/script>\n<!-- \/ Yoast SEO plugin. -->","yoast_head_json":{"title":"Madagascar 60% | Pieni Suklaatehdas Porvoo","robots":{"index":"index","follow":"follow","max-snippet":"max-snippet:-1","max-image-preview":"max-image-preview:large","max-video-preview":"max-video-preview:-1"},"canonical":"https:\/\/suklaatehdas.com\/sv\/product\/madagascar-60-2\/","og_locale":"sv_SE","og_type":"article","og_title":"Madagascar 60% | Pieni Suklaatehdas Porvoo","og_description":"Madagaskar 60% \u00e4r mellanm\u00f6rk, frisk och aromatisk mj\u00f6lkfria choklad fr\u00e5n v\u00e5r bean to bar-chokladserie. Varje tugga \u00e4r ett n\u00f6je!","og_url":"https:\/\/suklaatehdas.com\/sv\/product\/madagascar-60-2\/","og_site_name":"Pieni Suklaatehdas Porvoo","article_publisher":"https:\/\/www.facebook.com\/pienisuklaatehdas\/","article_modified_time":"2023-04-25T11:28:59+00:00","og_image":[{"width":2000,"height":2000,"url":"https:\/\/suklaatehdas.com\/wp-content\/uploads\/2021\/07\/mada60-1.jpg","type":"image\/jpeg"}],"twitter_card":"summary_large_image","twitter_misc":{"Ber\u00e4knad l\u00e4stid":"1 minut"},"schema":{"@context":"https:\/\/schema.org","@graph":[{"@type":"WebPage","@id":"https:\/\/suklaatehdas.com\/sv\/product\/madagascar-60-2\/","url":"https:\/\/suklaatehdas.com\/sv\/product\/madagascar-60-2\/","name":"Madagascar 60% | Pieni Suklaatehdas Porvoo","isPartOf":{"@id":"https:\/\/suklaatehdas.com\/sv\/#website"},"primaryImageOfPage":{"@id":"https:\/\/suklaatehdas.com\/sv\/product\/madagascar-60-2\/#primaryimage"},"image":{"@id":"https:\/\/suklaatehdas.com\/sv\/product\/madagascar-60-2\/#primaryimage"},"thumbnailUrl":"https:\/\/suklaatehdas.com\/wp-content\/uploads\/2021\/07\/mada60-1.jpg","datePublished":"2021-07-05T11:41:07+00:00","dateModified":"2023-04-25T11:28:59+00:00","breadcrumb":{"@id":"https:\/\/suklaatehdas.com\/sv\/product\/madagascar-60-2\/#breadcrumb"},"inLanguage":"sv-SE","potentialAction":[{"@type":"ReadAction","target":["https:\/\/suklaatehdas.com\/sv\/product\/madagascar-60-2\/"]}]},{"@type":"ImageObject","inLanguage":"sv-SE","@id":"https:\/\/suklaatehdas.com\/sv\/product\/madagascar-60-2\/#primaryimage","url":"https:\/\/suklaatehdas.com\/wp-content\/uploads\/2021\/07\/mada60-1.jpg","contentUrl":"https:\/\/suklaatehdas.com\/wp-content\/uploads\/2021\/07\/mada60-1.jpg","width":2000,"height":2000,"caption":"madagascar m\u00f6rkchoklad"},{"@type":"BreadcrumbList","@id":"https:\/\/suklaatehdas.com\/sv\/product\/madagascar-60-2\/#breadcrumb","itemListElement":[{"@type":"ListItem","position":1,"name":"Etusivu","item":"https:\/\/suklaatehdas.com\/sv\/"},{"@type":"ListItem","position":2,"name":"Butik","item":"https:\/\/suklaatehdas.com\/sv\/butik\/"},{"@type":"ListItem","position":3,"name":"Madagascar 60%"}]},{"@type":"WebSite","@id":"https:\/\/suklaatehdas.com\/sv\/#website","url":"https:\/\/suklaatehdas.com\/sv\/","name":"Pieni Suklaatehdas Porvoo","description":"Our handmade chocolate is made with renewable energy in Porvoo, since 2005.","publisher":{"@id":"https:\/\/suklaatehdas.com\/sv\/#organization"},"alternateName":"suklaatehdas","potentialAction":[{"@type":"SearchAction","target":{"@type":"EntryPoint","urlTemplate":"https:\/\/suklaatehdas.com\/sv\/?s={search_term_string}"},"query-input":{"@type":"PropertyValueSpecification","valueRequired":true,"valueName":"search_term_string"}}],"inLanguage":"sv-SE"},{"@type":"Organization","@id":"https:\/\/suklaatehdas.com\/sv\/#organization","name":"Pieni Suklaatehdas","alternateName":"suklaatehdas","url":"https:\/\/suklaatehdas.com\/sv\/","logo":{"@type":"ImageObject","inLanguage":"sv-SE","@id":"https:\/\/suklaatehdas.com\/sv\/#\/schema\/logo\/image\/","url":"https:\/\/suklaatehdas.com\/wp-content\/uploads\/2021\/06\/pienisuklaatehdas_logo300.jpg","contentUrl":"https:\/\/suklaatehdas.com\/wp-content\/uploads\/2021\/06\/pienisuklaatehdas_logo300.jpg","width":300,"height":95,"caption":"Pieni Suklaatehdas"},"image":{"@id":"https:\/\/suklaatehdas.com\/sv\/#\/schema\/logo\/image\/"},"sameAs":["https:\/\/www.facebook.com\/pienisuklaatehdas\/","https:\/\/www.instagram.com\/pienisuklaatehdas\/?hl=fi"]}]}},"taxonomy_info":{"product_cat":[{"value":85,"label":"Bean to bar choklad"}]},"featured_image_src_large":["https:\/\/suklaatehdas.com\/wp-content\/uploads\/2021\/07\/mada60-1-1024x1024.jpg",1024,1024,true],"author_info":[],"comment_info":"","_links":{"self":[{"href":"https:\/\/suklaatehdas.com\/sv\/wp-json\/wp\/v2\/product\/2549","targetHints":{"allow":["GET"]}}],"collection":[{"href":"https:\/\/suklaatehdas.com\/sv\/wp-json\/wp\/v2\/product"}],"about":[{"href":"https:\/\/suklaatehdas.com\/sv\/wp-json\/wp\/v2\/types\/product"}],"wp:featuredmedia":[{"embeddable":true,"href":"https:\/\/suklaatehdas.com\/sv\/wp-json\/wp\/v2\/media\/7259"}],"wp:attachment":[{"href":"https:\/\/suklaatehdas.com\/sv\/wp-json\/wp\/v2\/media?parent=2549"}],"wp:term":[{"taxonomy":"product_brand","embeddable":true,"href":"https:\/\/suklaatehdas.com\/sv\/wp-json\/wp\/v2\/product_brand?post=2549"},{"taxonomy":"product_cat","embeddable":true,"href":"https:\/\/suklaatehdas.com\/sv\/wp-json\/wp\/v2\/product_cat?post=2549"},{"taxonomy":"product_tag","embeddable":true,"href":"https:\/\/suklaatehdas.com\/sv\/wp-json\/wp\/v2\/product_tag?post=2549"}],"curies":[{"name":"wp","href":"https:\/\/api.w.org\/{rel}","templated":true}]}}