{"id":2566,"date":"2021-07-05T14:41:14","date_gmt":"2021-07-05T11:41:14","guid":{"rendered":"https:\/\/suklaatehdas.com\/tuote\/nibs-mork-choklad\/"},"modified":"2023-03-23T12:07:57","modified_gmt":"2023-03-23T09:07:57","slug":"nibs-mork-choklad","status":"publish","type":"product","link":"https:\/\/suklaatehdas.com\/sv\/product\/nibs-mork-choklad\/","title":{"rendered":"Nibs m\u00f6rk choklad"},"content":{"rendered":"<h5>Nibs m\u00f6rk choklad<\/h5>\n<p>Nibs m\u00f6rk choklad \u00e4r dubbelchoklad! Rostade kakaob\u00f6nor i kombination med m\u00f6rk choklad \u00e4r en riktig godbit.<\/p>\n<p>Vegan. Glutenfri.<\/p>\n<p>Ingredienser:<\/p>\n<p>55% m\u00f6rk choklad: kakaomassa, socker, kakaosm\u00f6r, sojalecitin, vanilj<br \/>\nrostade kakaob\u00f6nor<\/p>\n<p>95g<\/p>\n","protected":false},"excerpt":{"rendered":"<h5>Nibs m\u00f6rk choklad<\/h5>\n<p>Kombinationen av m\u00f6rk choklad och rostade kakaob\u00f6nor \u00e4r en krispig chokladdelikatess.<\/p>\n","protected":false},"featured_media":6298,"template":"","meta":{"_kad_blocks_custom_css":"","_kad_blocks_head_custom_js":"","_kad_blocks_body_custom_js":"","_kad_blocks_footer_custom_js":"","_kad_post_transparent":"","_kad_post_title":"","_kad_post_layout":"default","_kad_post_sidebar_id":"","_kad_post_content_style":"default","_kad_post_vertical_padding":"default","_kad_post_feature":"","_kad_post_feature_position":"","_kad_post_header":false,"_kad_post_footer":false,"_kad_post_classname":""},"product_brand":[],"product_cat":[90],"product_tag":[],"class_list":{"0":"post-2566","1":"product","2":"type-product","3":"status-publish","4":"has-post-thumbnail","6":"product_cat-chokladplattor","8":"first","9":"instock","10":"taxable","11":"shipping-taxable","12":"purchasable","13":"product-type-simple","14":"entry","15":"content-bg","16":"loop-entry"},"yoast_head":"<!-- This site is optimized with the Yoast SEO plugin v27.3 - https:\/\/yoast.com\/product\/yoast-seo-wordpress\/ -->\n<title>Nibs m\u00f6rk choklad | Pieni Suklaatehdas Porvoo<\/title>\n<meta name=\"robots\" content=\"index, follow, max-snippet:-1, max-image-preview:large, max-video-preview:-1\" \/>\n<link rel=\"canonical\" href=\"https:\/\/suklaatehdas.com\/sv\/product\/nibs-mork-choklad\/\" \/>\n<meta property=\"og:locale\" content=\"sv_SE\" \/>\n<meta property=\"og:type\" content=\"article\" \/>\n<meta property=\"og:title\" content=\"Nibs m\u00f6rk choklad | Pieni Suklaatehdas Porvoo\" \/>\n<meta property=\"og:description\" content=\"Nibs m\u00f6rk choklad Kombinationen av m\u00f6rk choklad och rostade kakaob\u00f6nor \u00e4r en krispig chokladdelikatess.\" \/>\n<meta property=\"og:url\" content=\"https:\/\/suklaatehdas.com\/sv\/product\/nibs-mork-choklad\/\" \/>\n<meta property=\"og:site_name\" content=\"Pieni Suklaatehdas Porvoo\" \/>\n<meta property=\"article:publisher\" content=\"https:\/\/www.facebook.com\/pienisuklaatehdas\/\" \/>\n<meta property=\"article:modified_time\" content=\"2023-03-23T09:07:57+00:00\" \/>\n<meta property=\"og:image\" content=\"https:\/\/suklaatehdas.com\/wp-content\/uploads\/2021\/10\/nibs2_tumma.jpg\" \/>\n\t<meta property=\"og:image:width\" content=\"1000\" \/>\n\t<meta property=\"og:image:height\" content=\"1000\" \/>\n\t<meta property=\"og:image:type\" content=\"image\/jpeg\" \/>\n<meta name=\"twitter:card\" content=\"summary_large_image\" \/>\n<script type=\"application\/ld+json\" class=\"yoast-schema-graph\">{\"@context\":\"https:\\\/\\\/schema.org\",\"@graph\":[{\"@type\":\"WebPage\",\"@id\":\"https:\\\/\\\/suklaatehdas.com\\\/sv\\\/product\\\/nibs-mork-choklad\\\/\",\"url\":\"https:\\\/\\\/suklaatehdas.com\\\/sv\\\/product\\\/nibs-mork-choklad\\\/\",\"name\":\"Nibs m\u00f6rk choklad | Pieni Suklaatehdas Porvoo\",\"isPartOf\":{\"@id\":\"https:\\\/\\\/suklaatehdas.com\\\/sv\\\/#website\"},\"primaryImageOfPage\":{\"@id\":\"https:\\\/\\\/suklaatehdas.com\\\/sv\\\/product\\\/nibs-mork-choklad\\\/#primaryimage\"},\"image\":{\"@id\":\"https:\\\/\\\/suklaatehdas.com\\\/sv\\\/product\\\/nibs-mork-choklad\\\/#primaryimage\"},\"thumbnailUrl\":\"https:\\\/\\\/suklaatehdas.com\\\/wp-content\\\/uploads\\\/2021\\\/10\\\/nibs2_tumma.jpg\",\"datePublished\":\"2021-07-05T11:41:14+00:00\",\"dateModified\":\"2023-03-23T09:07:57+00:00\",\"breadcrumb\":{\"@id\":\"https:\\\/\\\/suklaatehdas.com\\\/sv\\\/product\\\/nibs-mork-choklad\\\/#breadcrumb\"},\"inLanguage\":\"sv-SE\",\"potentialAction\":[{\"@type\":\"ReadAction\",\"target\":[\"https:\\\/\\\/suklaatehdas.com\\\/sv\\\/product\\\/nibs-mork-choklad\\\/\"]}]},{\"@type\":\"ImageObject\",\"inLanguage\":\"sv-SE\",\"@id\":\"https:\\\/\\\/suklaatehdas.com\\\/sv\\\/product\\\/nibs-mork-choklad\\\/#primaryimage\",\"url\":\"https:\\\/\\\/suklaatehdas.com\\\/wp-content\\\/uploads\\\/2021\\\/10\\\/nibs2_tumma.jpg\",\"contentUrl\":\"https:\\\/\\\/suklaatehdas.com\\\/wp-content\\\/uploads\\\/2021\\\/10\\\/nibs2_tumma.jpg\",\"width\":1000,\"height\":1000,\"caption\":\"Nibs 55% suklaalevy\"},{\"@type\":\"BreadcrumbList\",\"@id\":\"https:\\\/\\\/suklaatehdas.com\\\/sv\\\/product\\\/nibs-mork-choklad\\\/#breadcrumb\",\"itemListElement\":[{\"@type\":\"ListItem\",\"position\":1,\"name\":\"Etusivu\",\"item\":\"https:\\\/\\\/suklaatehdas.com\\\/sv\\\/\"},{\"@type\":\"ListItem\",\"position\":2,\"name\":\"Butik\",\"item\":\"https:\\\/\\\/suklaatehdas.com\\\/sv\\\/butik\\\/\"},{\"@type\":\"ListItem\",\"position\":3,\"name\":\"Nibs m\u00f6rk choklad\"}]},{\"@type\":\"WebSite\",\"@id\":\"https:\\\/\\\/suklaatehdas.com\\\/sv\\\/#website\",\"url\":\"https:\\\/\\\/suklaatehdas.com\\\/sv\\\/\",\"name\":\"Pieni Suklaatehdas Porvoo\",\"description\":\"Our handmade chocolate is made with renewable energy in Porvoo, since 2005.\",\"publisher\":{\"@id\":\"https:\\\/\\\/suklaatehdas.com\\\/sv\\\/#organization\"},\"alternateName\":\"suklaatehdas\",\"potentialAction\":[{\"@type\":\"SearchAction\",\"target\":{\"@type\":\"EntryPoint\",\"urlTemplate\":\"https:\\\/\\\/suklaatehdas.com\\\/sv\\\/?s={search_term_string}\"},\"query-input\":{\"@type\":\"PropertyValueSpecification\",\"valueRequired\":true,\"valueName\":\"search_term_string\"}}],\"inLanguage\":\"sv-SE\"},{\"@type\":\"Organization\",\"@id\":\"https:\\\/\\\/suklaatehdas.com\\\/sv\\\/#organization\",\"name\":\"Pieni Suklaatehdas\",\"alternateName\":\"suklaatehdas\",\"url\":\"https:\\\/\\\/suklaatehdas.com\\\/sv\\\/\",\"logo\":{\"@type\":\"ImageObject\",\"inLanguage\":\"sv-SE\",\"@id\":\"https:\\\/\\\/suklaatehdas.com\\\/sv\\\/#\\\/schema\\\/logo\\\/image\\\/\",\"url\":\"https:\\\/\\\/suklaatehdas.com\\\/wp-content\\\/uploads\\\/2021\\\/06\\\/pienisuklaatehdas_logo300.jpg\",\"contentUrl\":\"https:\\\/\\\/suklaatehdas.com\\\/wp-content\\\/uploads\\\/2021\\\/06\\\/pienisuklaatehdas_logo300.jpg\",\"width\":300,\"height\":95,\"caption\":\"Pieni Suklaatehdas\"},\"image\":{\"@id\":\"https:\\\/\\\/suklaatehdas.com\\\/sv\\\/#\\\/schema\\\/logo\\\/image\\\/\"},\"sameAs\":[\"https:\\\/\\\/www.facebook.com\\\/pienisuklaatehdas\\\/\",\"https:\\\/\\\/www.instagram.com\\\/pienisuklaatehdas\\\/?hl=fi\"]}]}<\/script>\n<!-- \/ Yoast SEO plugin. -->","yoast_head_json":{"title":"Nibs m\u00f6rk choklad | Pieni Suklaatehdas Porvoo","robots":{"index":"index","follow":"follow","max-snippet":"max-snippet:-1","max-image-preview":"max-image-preview:large","max-video-preview":"max-video-preview:-1"},"canonical":"https:\/\/suklaatehdas.com\/sv\/product\/nibs-mork-choklad\/","og_locale":"sv_SE","og_type":"article","og_title":"Nibs m\u00f6rk choklad | Pieni Suklaatehdas Porvoo","og_description":"Nibs m\u00f6rk choklad Kombinationen av m\u00f6rk choklad och rostade kakaob\u00f6nor \u00e4r en krispig chokladdelikatess.","og_url":"https:\/\/suklaatehdas.com\/sv\/product\/nibs-mork-choklad\/","og_site_name":"Pieni Suklaatehdas Porvoo","article_publisher":"https:\/\/www.facebook.com\/pienisuklaatehdas\/","article_modified_time":"2023-03-23T09:07:57+00:00","og_image":[{"width":1000,"height":1000,"url":"https:\/\/suklaatehdas.com\/wp-content\/uploads\/2021\/10\/nibs2_tumma.jpg","type":"image\/jpeg"}],"twitter_card":"summary_large_image","schema":{"@context":"https:\/\/schema.org","@graph":[{"@type":"WebPage","@id":"https:\/\/suklaatehdas.com\/sv\/product\/nibs-mork-choklad\/","url":"https:\/\/suklaatehdas.com\/sv\/product\/nibs-mork-choklad\/","name":"Nibs m\u00f6rk choklad | Pieni Suklaatehdas Porvoo","isPartOf":{"@id":"https:\/\/suklaatehdas.com\/sv\/#website"},"primaryImageOfPage":{"@id":"https:\/\/suklaatehdas.com\/sv\/product\/nibs-mork-choklad\/#primaryimage"},"image":{"@id":"https:\/\/suklaatehdas.com\/sv\/product\/nibs-mork-choklad\/#primaryimage"},"thumbnailUrl":"https:\/\/suklaatehdas.com\/wp-content\/uploads\/2021\/10\/nibs2_tumma.jpg","datePublished":"2021-07-05T11:41:14+00:00","dateModified":"2023-03-23T09:07:57+00:00","breadcrumb":{"@id":"https:\/\/suklaatehdas.com\/sv\/product\/nibs-mork-choklad\/#breadcrumb"},"inLanguage":"sv-SE","potentialAction":[{"@type":"ReadAction","target":["https:\/\/suklaatehdas.com\/sv\/product\/nibs-mork-choklad\/"]}]},{"@type":"ImageObject","inLanguage":"sv-SE","@id":"https:\/\/suklaatehdas.com\/sv\/product\/nibs-mork-choklad\/#primaryimage","url":"https:\/\/suklaatehdas.com\/wp-content\/uploads\/2021\/10\/nibs2_tumma.jpg","contentUrl":"https:\/\/suklaatehdas.com\/wp-content\/uploads\/2021\/10\/nibs2_tumma.jpg","width":1000,"height":1000,"caption":"Nibs 55% suklaalevy"},{"@type":"BreadcrumbList","@id":"https:\/\/suklaatehdas.com\/sv\/product\/nibs-mork-choklad\/#breadcrumb","itemListElement":[{"@type":"ListItem","position":1,"name":"Etusivu","item":"https:\/\/suklaatehdas.com\/sv\/"},{"@type":"ListItem","position":2,"name":"Butik","item":"https:\/\/suklaatehdas.com\/sv\/butik\/"},{"@type":"ListItem","position":3,"name":"Nibs m\u00f6rk choklad"}]},{"@type":"WebSite","@id":"https:\/\/suklaatehdas.com\/sv\/#website","url":"https:\/\/suklaatehdas.com\/sv\/","name":"Pieni Suklaatehdas Porvoo","description":"Our handmade chocolate is made with renewable energy in Porvoo, since 2005.","publisher":{"@id":"https:\/\/suklaatehdas.com\/sv\/#organization"},"alternateName":"suklaatehdas","potentialAction":[{"@type":"SearchAction","target":{"@type":"EntryPoint","urlTemplate":"https:\/\/suklaatehdas.com\/sv\/?s={search_term_string}"},"query-input":{"@type":"PropertyValueSpecification","valueRequired":true,"valueName":"search_term_string"}}],"inLanguage":"sv-SE"},{"@type":"Organization","@id":"https:\/\/suklaatehdas.com\/sv\/#organization","name":"Pieni Suklaatehdas","alternateName":"suklaatehdas","url":"https:\/\/suklaatehdas.com\/sv\/","logo":{"@type":"ImageObject","inLanguage":"sv-SE","@id":"https:\/\/suklaatehdas.com\/sv\/#\/schema\/logo\/image\/","url":"https:\/\/suklaatehdas.com\/wp-content\/uploads\/2021\/06\/pienisuklaatehdas_logo300.jpg","contentUrl":"https:\/\/suklaatehdas.com\/wp-content\/uploads\/2021\/06\/pienisuklaatehdas_logo300.jpg","width":300,"height":95,"caption":"Pieni Suklaatehdas"},"image":{"@id":"https:\/\/suklaatehdas.com\/sv\/#\/schema\/logo\/image\/"},"sameAs":["https:\/\/www.facebook.com\/pienisuklaatehdas\/","https:\/\/www.instagram.com\/pienisuklaatehdas\/?hl=fi"]}]}},"taxonomy_info":{"product_cat":[{"value":90,"label":"Chokladplattor"}]},"featured_image_src_large":["https:\/\/suklaatehdas.com\/wp-content\/uploads\/2021\/10\/nibs2_tumma.jpg",1000,1000,false],"author_info":[],"comment_info":"","_links":{"self":[{"href":"https:\/\/suklaatehdas.com\/sv\/wp-json\/wp\/v2\/product\/2566","targetHints":{"allow":["GET"]}}],"collection":[{"href":"https:\/\/suklaatehdas.com\/sv\/wp-json\/wp\/v2\/product"}],"about":[{"href":"https:\/\/suklaatehdas.com\/sv\/wp-json\/wp\/v2\/types\/product"}],"wp:featuredmedia":[{"embeddable":true,"href":"https:\/\/suklaatehdas.com\/sv\/wp-json\/wp\/v2\/media\/6298"}],"wp:attachment":[{"href":"https:\/\/suklaatehdas.com\/sv\/wp-json\/wp\/v2\/media?parent=2566"}],"wp:term":[{"taxonomy":"product_brand","embeddable":true,"href":"https:\/\/suklaatehdas.com\/sv\/wp-json\/wp\/v2\/product_brand?post=2566"},{"taxonomy":"product_cat","embeddable":true,"href":"https:\/\/suklaatehdas.com\/sv\/wp-json\/wp\/v2\/product_cat?post=2566"},{"taxonomy":"product_tag","embeddable":true,"href":"https:\/\/suklaatehdas.com\/sv\/wp-json\/wp\/v2\/product_tag?post=2566"}],"curies":[{"name":"wp","href":"https:\/\/api.w.org\/{rel}","templated":true}]}}