{"id":2568,"date":"2021-07-05T14:41:14","date_gmt":"2021-07-05T11:41:14","guid":{"rendered":"https:\/\/suklaatehdas.com\/tuote\/produktpaket-lakrits\/"},"modified":"2022-05-07T10:38:17","modified_gmt":"2022-05-07T07:38:17","slug":"produktpaket-lakrits","status":"publish","type":"product","link":"https:\/\/suklaatehdas.com\/sv\/product\/produktpaket-lakrits\/","title":{"rendered":"Produktpaket Lakrits"},"content":{"rendered":"<h5>Produktpaket Lakrits till hen som \u00e4lskar lakrits &amp; salmiak; salmiak<\/h5>\n<p>Produktpaket Lakrits \u00e4r en fantastisk dos lakrits-, salmiak- och choklad smaker! En trevlig \u00f6verraskning \u00e5t en v\u00e4n, och f\u00f6r dig sj\u00e4lv.<\/p>\n<p>I paketet ing\u00e5r:<\/p>\n<p>Licorice Rocky road <strong>inneh\u00e5ller rostade makadamian\u00f6tter V, G<\/strong><br \/>\nChokladlakritsslant <strong>V, G<\/strong><br \/>\nSalmiak mj\u00f6lkchoklad platta <strong>inneh\u00e5ller mj\u00f6lk och vetemj\u00f6l<\/strong><br \/>\nSalmiak vitchoklad platta<strong> inneh\u00e5ller mj\u00f6lk och vetemj\u00f6l<\/strong><\/p>\n<p>Produkterna tillverkas i utrymmen d\u00e4r mj\u00f6lk, mj\u00f6l, n\u00f6tter och mandel bearbetas.<\/p>\n","protected":false},"excerpt":{"rendered":"<p>Produktpaket Lakrits f\u00f6r hen som \u00e4lskar lakrits&amp;salmiak. Trevlig g\u00e5va f\u00f6r v\u00e4n, och f\u00f6r dig sj\u00e4lv.<\/p>\n","protected":false},"featured_media":6274,"template":"","meta":{"_kad_blocks_custom_css":"","_kad_blocks_head_custom_js":"","_kad_blocks_body_custom_js":"","_kad_blocks_footer_custom_js":"","_kad_post_transparent":"","_kad_post_title":"","_kad_post_layout":"default","_kad_post_sidebar_id":"","_kad_post_content_style":"default","_kad_post_vertical_padding":"default","_kad_post_feature":"","_kad_post_feature_position":"","_kad_post_header":false,"_kad_post_footer":false,"_kad_post_classname":""},"product_brand":[],"product_cat":[93],"product_tag":[],"class_list":{"0":"post-2568","1":"product","2":"type-product","3":"status-publish","4":"has-post-thumbnail","6":"product_cat-produktpaket","8":"first","9":"outofstock","10":"taxable","11":"shipping-taxable","12":"purchasable","13":"product-type-simple","14":"entry","15":"content-bg","16":"loop-entry"},"yoast_head":"<!-- This site is optimized with the Yoast SEO plugin v27.3 - https:\/\/yoast.com\/product\/yoast-seo-wordpress\/ -->\n<title>Produktpaket Lakrits | Pieni Suklaatehdas Porvoo<\/title>\n<meta name=\"robots\" content=\"index, follow, max-snippet:-1, max-image-preview:large, max-video-preview:-1\" \/>\n<link rel=\"canonical\" href=\"https:\/\/suklaatehdas.com\/sv\/product\/produktpaket-lakrits\/\" \/>\n<meta property=\"og:locale\" content=\"sv_SE\" \/>\n<meta property=\"og:type\" content=\"article\" \/>\n<meta property=\"og:title\" content=\"Produktpaket Lakrits | Pieni Suklaatehdas Porvoo\" \/>\n<meta property=\"og:description\" content=\"Produktpaket Lakrits f\u00f6r hen som \u00e4lskar lakrits&amp;salmiak. Trevlig g\u00e5va f\u00f6r v\u00e4n, och f\u00f6r dig sj\u00e4lv.\" \/>\n<meta property=\"og:url\" content=\"https:\/\/suklaatehdas.com\/sv\/product\/produktpaket-lakrits\/\" \/>\n<meta property=\"og:site_name\" content=\"Pieni Suklaatehdas Porvoo\" \/>\n<meta property=\"article:publisher\" content=\"https:\/\/www.facebook.com\/pienisuklaatehdas\/\" \/>\n<meta property=\"article:modified_time\" content=\"2022-05-07T07:38:17+00:00\" \/>\n<meta property=\"og:image\" content=\"https:\/\/suklaatehdas.com\/wp-content\/uploads\/2021\/10\/lakupaketti-1.jpg\" \/>\n\t<meta property=\"og:image:width\" content=\"1000\" \/>\n\t<meta property=\"og:image:height\" content=\"1000\" \/>\n\t<meta property=\"og:image:type\" content=\"image\/jpeg\" \/>\n<meta name=\"twitter:card\" content=\"summary_large_image\" \/>\n<script type=\"application\/ld+json\" class=\"yoast-schema-graph\">{\"@context\":\"https:\\\/\\\/schema.org\",\"@graph\":[{\"@type\":\"WebPage\",\"@id\":\"https:\\\/\\\/suklaatehdas.com\\\/sv\\\/product\\\/produktpaket-lakrits\\\/\",\"url\":\"https:\\\/\\\/suklaatehdas.com\\\/sv\\\/product\\\/produktpaket-lakrits\\\/\",\"name\":\"Produktpaket Lakrits | Pieni Suklaatehdas Porvoo\",\"isPartOf\":{\"@id\":\"https:\\\/\\\/suklaatehdas.com\\\/sv\\\/#website\"},\"primaryImageOfPage\":{\"@id\":\"https:\\\/\\\/suklaatehdas.com\\\/sv\\\/product\\\/produktpaket-lakrits\\\/#primaryimage\"},\"image\":{\"@id\":\"https:\\\/\\\/suklaatehdas.com\\\/sv\\\/product\\\/produktpaket-lakrits\\\/#primaryimage\"},\"thumbnailUrl\":\"https:\\\/\\\/suklaatehdas.com\\\/wp-content\\\/uploads\\\/2021\\\/10\\\/lakupaketti-1.jpg\",\"datePublished\":\"2021-07-05T11:41:14+00:00\",\"dateModified\":\"2022-05-07T07:38:17+00:00\",\"breadcrumb\":{\"@id\":\"https:\\\/\\\/suklaatehdas.com\\\/sv\\\/product\\\/produktpaket-lakrits\\\/#breadcrumb\"},\"inLanguage\":\"sv-SE\",\"potentialAction\":[{\"@type\":\"ReadAction\",\"target\":[\"https:\\\/\\\/suklaatehdas.com\\\/sv\\\/product\\\/produktpaket-lakrits\\\/\"]}]},{\"@type\":\"ImageObject\",\"inLanguage\":\"sv-SE\",\"@id\":\"https:\\\/\\\/suklaatehdas.com\\\/sv\\\/product\\\/produktpaket-lakrits\\\/#primaryimage\",\"url\":\"https:\\\/\\\/suklaatehdas.com\\\/wp-content\\\/uploads\\\/2021\\\/10\\\/lakupaketti-1.jpg\",\"contentUrl\":\"https:\\\/\\\/suklaatehdas.com\\\/wp-content\\\/uploads\\\/2021\\\/10\\\/lakupaketti-1.jpg\",\"width\":1000,\"height\":1000,\"caption\":\"Lakupaketti\"},{\"@type\":\"BreadcrumbList\",\"@id\":\"https:\\\/\\\/suklaatehdas.com\\\/sv\\\/product\\\/produktpaket-lakrits\\\/#breadcrumb\",\"itemListElement\":[{\"@type\":\"ListItem\",\"position\":1,\"name\":\"Etusivu\",\"item\":\"https:\\\/\\\/suklaatehdas.com\\\/sv\\\/\"},{\"@type\":\"ListItem\",\"position\":2,\"name\":\"Butik\",\"item\":\"https:\\\/\\\/suklaatehdas.com\\\/sv\\\/butik\\\/\"},{\"@type\":\"ListItem\",\"position\":3,\"name\":\"Produktpaket Lakrits\"}]},{\"@type\":\"WebSite\",\"@id\":\"https:\\\/\\\/suklaatehdas.com\\\/sv\\\/#website\",\"url\":\"https:\\\/\\\/suklaatehdas.com\\\/sv\\\/\",\"name\":\"Pieni Suklaatehdas Porvoo\",\"description\":\"Our handmade chocolate is made with renewable energy in Porvoo, since 2005.\",\"publisher\":{\"@id\":\"https:\\\/\\\/suklaatehdas.com\\\/sv\\\/#organization\"},\"alternateName\":\"suklaatehdas\",\"potentialAction\":[{\"@type\":\"SearchAction\",\"target\":{\"@type\":\"EntryPoint\",\"urlTemplate\":\"https:\\\/\\\/suklaatehdas.com\\\/sv\\\/?s={search_term_string}\"},\"query-input\":{\"@type\":\"PropertyValueSpecification\",\"valueRequired\":true,\"valueName\":\"search_term_string\"}}],\"inLanguage\":\"sv-SE\"},{\"@type\":\"Organization\",\"@id\":\"https:\\\/\\\/suklaatehdas.com\\\/sv\\\/#organization\",\"name\":\"Pieni Suklaatehdas\",\"alternateName\":\"suklaatehdas\",\"url\":\"https:\\\/\\\/suklaatehdas.com\\\/sv\\\/\",\"logo\":{\"@type\":\"ImageObject\",\"inLanguage\":\"sv-SE\",\"@id\":\"https:\\\/\\\/suklaatehdas.com\\\/sv\\\/#\\\/schema\\\/logo\\\/image\\\/\",\"url\":\"https:\\\/\\\/suklaatehdas.com\\\/wp-content\\\/uploads\\\/2021\\\/06\\\/pienisuklaatehdas_logo300.jpg\",\"contentUrl\":\"https:\\\/\\\/suklaatehdas.com\\\/wp-content\\\/uploads\\\/2021\\\/06\\\/pienisuklaatehdas_logo300.jpg\",\"width\":300,\"height\":95,\"caption\":\"Pieni Suklaatehdas\"},\"image\":{\"@id\":\"https:\\\/\\\/suklaatehdas.com\\\/sv\\\/#\\\/schema\\\/logo\\\/image\\\/\"},\"sameAs\":[\"https:\\\/\\\/www.facebook.com\\\/pienisuklaatehdas\\\/\",\"https:\\\/\\\/www.instagram.com\\\/pienisuklaatehdas\\\/?hl=fi\"]}]}<\/script>\n<!-- \/ Yoast SEO plugin. -->","yoast_head_json":{"title":"Produktpaket Lakrits | Pieni Suklaatehdas Porvoo","robots":{"index":"index","follow":"follow","max-snippet":"max-snippet:-1","max-image-preview":"max-image-preview:large","max-video-preview":"max-video-preview:-1"},"canonical":"https:\/\/suklaatehdas.com\/sv\/product\/produktpaket-lakrits\/","og_locale":"sv_SE","og_type":"article","og_title":"Produktpaket Lakrits | Pieni Suklaatehdas Porvoo","og_description":"Produktpaket Lakrits f\u00f6r hen som \u00e4lskar lakrits&amp;salmiak. Trevlig g\u00e5va f\u00f6r v\u00e4n, och f\u00f6r dig sj\u00e4lv.","og_url":"https:\/\/suklaatehdas.com\/sv\/product\/produktpaket-lakrits\/","og_site_name":"Pieni Suklaatehdas Porvoo","article_publisher":"https:\/\/www.facebook.com\/pienisuklaatehdas\/","article_modified_time":"2022-05-07T07:38:17+00:00","og_image":[{"width":1000,"height":1000,"url":"https:\/\/suklaatehdas.com\/wp-content\/uploads\/2021\/10\/lakupaketti-1.jpg","type":"image\/jpeg"}],"twitter_card":"summary_large_image","schema":{"@context":"https:\/\/schema.org","@graph":[{"@type":"WebPage","@id":"https:\/\/suklaatehdas.com\/sv\/product\/produktpaket-lakrits\/","url":"https:\/\/suklaatehdas.com\/sv\/product\/produktpaket-lakrits\/","name":"Produktpaket Lakrits | Pieni Suklaatehdas Porvoo","isPartOf":{"@id":"https:\/\/suklaatehdas.com\/sv\/#website"},"primaryImageOfPage":{"@id":"https:\/\/suklaatehdas.com\/sv\/product\/produktpaket-lakrits\/#primaryimage"},"image":{"@id":"https:\/\/suklaatehdas.com\/sv\/product\/produktpaket-lakrits\/#primaryimage"},"thumbnailUrl":"https:\/\/suklaatehdas.com\/wp-content\/uploads\/2021\/10\/lakupaketti-1.jpg","datePublished":"2021-07-05T11:41:14+00:00","dateModified":"2022-05-07T07:38:17+00:00","breadcrumb":{"@id":"https:\/\/suklaatehdas.com\/sv\/product\/produktpaket-lakrits\/#breadcrumb"},"inLanguage":"sv-SE","potentialAction":[{"@type":"ReadAction","target":["https:\/\/suklaatehdas.com\/sv\/product\/produktpaket-lakrits\/"]}]},{"@type":"ImageObject","inLanguage":"sv-SE","@id":"https:\/\/suklaatehdas.com\/sv\/product\/produktpaket-lakrits\/#primaryimage","url":"https:\/\/suklaatehdas.com\/wp-content\/uploads\/2021\/10\/lakupaketti-1.jpg","contentUrl":"https:\/\/suklaatehdas.com\/wp-content\/uploads\/2021\/10\/lakupaketti-1.jpg","width":1000,"height":1000,"caption":"Lakupaketti"},{"@type":"BreadcrumbList","@id":"https:\/\/suklaatehdas.com\/sv\/product\/produktpaket-lakrits\/#breadcrumb","itemListElement":[{"@type":"ListItem","position":1,"name":"Etusivu","item":"https:\/\/suklaatehdas.com\/sv\/"},{"@type":"ListItem","position":2,"name":"Butik","item":"https:\/\/suklaatehdas.com\/sv\/butik\/"},{"@type":"ListItem","position":3,"name":"Produktpaket Lakrits"}]},{"@type":"WebSite","@id":"https:\/\/suklaatehdas.com\/sv\/#website","url":"https:\/\/suklaatehdas.com\/sv\/","name":"Pieni Suklaatehdas Porvoo","description":"Our handmade chocolate is made with renewable energy in Porvoo, since 2005.","publisher":{"@id":"https:\/\/suklaatehdas.com\/sv\/#organization"},"alternateName":"suklaatehdas","potentialAction":[{"@type":"SearchAction","target":{"@type":"EntryPoint","urlTemplate":"https:\/\/suklaatehdas.com\/sv\/?s={search_term_string}"},"query-input":{"@type":"PropertyValueSpecification","valueRequired":true,"valueName":"search_term_string"}}],"inLanguage":"sv-SE"},{"@type":"Organization","@id":"https:\/\/suklaatehdas.com\/sv\/#organization","name":"Pieni Suklaatehdas","alternateName":"suklaatehdas","url":"https:\/\/suklaatehdas.com\/sv\/","logo":{"@type":"ImageObject","inLanguage":"sv-SE","@id":"https:\/\/suklaatehdas.com\/sv\/#\/schema\/logo\/image\/","url":"https:\/\/suklaatehdas.com\/wp-content\/uploads\/2021\/06\/pienisuklaatehdas_logo300.jpg","contentUrl":"https:\/\/suklaatehdas.com\/wp-content\/uploads\/2021\/06\/pienisuklaatehdas_logo300.jpg","width":300,"height":95,"caption":"Pieni Suklaatehdas"},"image":{"@id":"https:\/\/suklaatehdas.com\/sv\/#\/schema\/logo\/image\/"},"sameAs":["https:\/\/www.facebook.com\/pienisuklaatehdas\/","https:\/\/www.instagram.com\/pienisuklaatehdas\/?hl=fi"]}]}},"taxonomy_info":{"product_cat":[{"value":93,"label":"Produktpaket"}]},"featured_image_src_large":["https:\/\/suklaatehdas.com\/wp-content\/uploads\/2021\/10\/lakupaketti-1.jpg",1000,1000,false],"author_info":[],"comment_info":"","_links":{"self":[{"href":"https:\/\/suklaatehdas.com\/sv\/wp-json\/wp\/v2\/product\/2568","targetHints":{"allow":["GET"]}}],"collection":[{"href":"https:\/\/suklaatehdas.com\/sv\/wp-json\/wp\/v2\/product"}],"about":[{"href":"https:\/\/suklaatehdas.com\/sv\/wp-json\/wp\/v2\/types\/product"}],"wp:featuredmedia":[{"embeddable":true,"href":"https:\/\/suklaatehdas.com\/sv\/wp-json\/wp\/v2\/media\/6274"}],"wp:attachment":[{"href":"https:\/\/suklaatehdas.com\/sv\/wp-json\/wp\/v2\/media?parent=2568"}],"wp:term":[{"taxonomy":"product_brand","embeddable":true,"href":"https:\/\/suklaatehdas.com\/sv\/wp-json\/wp\/v2\/product_brand?post=2568"},{"taxonomy":"product_cat","embeddable":true,"href":"https:\/\/suklaatehdas.com\/sv\/wp-json\/wp\/v2\/product_cat?post=2568"},{"taxonomy":"product_tag","embeddable":true,"href":"https:\/\/suklaatehdas.com\/sv\/wp-json\/wp\/v2\/product_tag?post=2568"}],"curies":[{"name":"wp","href":"https:\/\/api.w.org\/{rel}","templated":true}]}}